{"id":809,"date":"2023-05-26T11:12:22","date_gmt":"2023-05-26T09:12:22","guid":{"rendered":"https:\/\/www.saintlouis.be\/islfondamental\/_dev\/?page_id=809"},"modified":"2023-11-21T09:24:34","modified_gmt":"2023-11-21T08:24:34","slug":"inscription-saint-louis","status":"publish","type":"page","link":"https:\/\/www.saintlouis.be\/islfondamental\/inscription-saint-louis\/","title":{"rendered":"Inscription"},"content":{"rendered":"<section class=\"wpb-content-wrapper\"><p>[vc_row css_animation=\u00a0\u00bb\u00a0\u00bb row_type=\u00a0\u00bbrow\u00a0\u00bb use_row_as_full_screen_section=\u00a0\u00bbno\u00a0\u00bb type=\u00a0\u00bbfull_width\u00a0\u00bb angled_section=\u00a0\u00bbno\u00a0\u00bb text_align=\u00a0\u00bbleft\u00a0\u00bb background_image_as_pattern=\u00a0\u00bbwithout_pattern\u00a0\u00bb][vc_column][vc_empty_space][\/vc_column][\/vc_row][vc_row css_animation=\u00a0\u00bb\u00a0\u00bb row_type=\u00a0\u00bbrow\u00a0\u00bb use_row_as_full_screen_section=\u00a0\u00bbno\u00a0\u00bb type=\u00a0\u00bbgrid\u00a0\u00bb angled_section=\u00a0\u00bbno\u00a0\u00bb text_align=\u00a0\u00bbleft\u00a0\u00bb background_image_as_pattern=\u00a0\u00bbwithout_pattern\u00a0\u00bb z_index=\u00a0\u00bb\u00a0\u00bb css=\u00a0\u00bb.vc_custom_1684953533950{margin-left: 0px !important;}\u00a0\u00bb][vc_column width=\u00a0\u00bb3\/4&Prime; css=\u00a0\u00bb.vc_custom_1685091950165{margin-right: 0px !important;margin-left: 0px !important;border-right-width: 40px !important;}\u00a0\u00bb el_class=\u00a0\u00bbborderbox\u00a0\u00bb][vc_column_text]<\/p>\n<h2>Inscription<\/h2>\n<p>[\/vc_column_text][vc_separator type=\u00a0\u00bbsmall\u00a0\u00bb position=\u00a0\u00bbleft\u00a0\u00bb color=\u00a0\u00bb#94ced1&Prime; thickness=\u00a0\u00bb5&Prime; width=\u00a0\u00bb40&Prime; up=\u00a0\u00bb10&Prime; down=\u00a0\u00bb30&Prime;][vc_column_text]Les\u00a0<strong>demandes d\u2019inscription pour l\u2019ann\u00e9e scolaire prochaine se font \u00e0 partir du 16 octobre<\/strong>.\u00a0Elles se font soit via le\u00a0<a title=\"Formulaire de demande d'inscription\" href=\"https:\/\/docs.google.com\/forms\/d\/e\/1FAIpQLSfDsIynYleggZxFQpxETpQkCx0kxBpUMgkSL9eTgqw5q_p2QA\/viewform?usp=sf_link\" target=\"_blank\" rel=\"noopener\">formulaire \u00e9lectronique<\/a>\u00a0ou\u00a0<a href=\"http:\/\/www.saintlouis.be\/islfondamental\/index.php\/contact\/\">par t\u00e9l\u00e9phone<\/a><\/p>\n<p>Du\u00a01er novembre\u00a0au 30 novembre, inscription des fr\u00e8res et s\u0153urs.<br \/>\nA partir du 1<sup>er<\/sup>\u00a0d\u00e9cembre inscription des nouveaux \u00e9l\u00e8ves\u00a0<strong>sur rendez-vous avec le secr\u00e9tariat\u00a0de l\u2019\u00e9cole<\/strong>.<\/p>\n<p>il est prudent de s\u2019inscrire au plus t\u00f4t,<\/p>\n<p>Saint-Louis est oblig\u00e9 de tr\u00e8s s\u00e9v\u00e8rement limiter le nombre de ses \u00e9l\u00e8ves<\/p>\n<p>&nbsp;<\/p>\n<h3>\u00a0<strong>FORMALITES D\u2019INSCRIPTION\u00a0<\/strong><\/h3>\n<ol>\n<li><em>Officialisation de l\u2019inscription aux \u00e9coles fondamentales Saint-Louis (pour les nouveaux \u00e9l\u00e8ves)<\/em><\/li>\n<\/ol>\n<p>Outre les documents rendus, toute inscription est officialis\u00e9e \u00e0 la r\u00e9ception lors de l\u2019inscription du paiement de l\u2019avance sur frais scolaires.<\/p>\n<ul>\n<li>De la copie du bulletin pour les inscriptions au-del\u00e0 de la premi\u00e8re ann\u00e9e primaire.<\/li>\n<li>Vous y joignez votre composition de m\u00e9nage que vous pouvez obtenir aupr\u00e8s de votre administration communale ou que vous t\u00e9l\u00e9chargez sur le site du registre national (<a href=\"https:\/\/www.ibz.rrn.fgov.be\/fr\/registre-national\/mon-dossier\/\">www.ibz.rrn.fgov.be<\/a>).<\/li>\n<\/ul>\n<p>&nbsp;<\/p>\n<p><strong>A d\u00e9faut de ces deux documents, votre inscription ne pourra \u00eatre garantie.<\/strong><\/p>\n<p><strong>Remarque : A l\u2019\u00e9cole maternelle<\/strong>, sont inscrits et admis les enfants \u201cpropres\u201c, c\u2019est-\u00e0-dire sans langes\u00a0!<\/p>\n<ol start=\"2\">\n<li><em>R\u00e9inscription aux \u00e9coles fondamentales Saint-Louis (pour les anciens \u00e9l\u00e8ves)<\/em><\/li>\n<\/ol>\n<p>Elle est automatique si nous avons re\u00e7u pour le 15 juillet au plus tard\u00a0<strong><em>le paiement de tous les \u00e9ventuels arri\u00e9r\u00e9s financiers<\/em><\/strong>\u00a0dus \u00e0 l\u2019\u00e9cole.<br \/>\n<strong>A d\u00e9faut de cette obligation, un entretien avec la direction de l\u2019\u00e9tablissement s\u2019av\u00e8re indispensable.<\/strong>[\/vc_column_text][vc_empty_space][\/vc_column][vc_column width=\u00a0\u00bb1\/4&Prime; css=\u00a0\u00bb.vc_custom_1684954607607{margin-right: 0px !important;margin-left: 0px !important;}\u00a0\u00bb el_class=\u00a0\u00bbbordercontent\u00a0\u00bb][vc_empty_space height=\u00a0\u00bb62px\u00a0\u00bb]<a  itemprop=\"url\" href=\"https:\/\/docs.google.com\/forms\/d\/e\/1FAIpQLSfDsIynYleggZxFQpxETpQkCx0kxBpUMgkSL9eTgqw5q_p2QA\/viewform\" target=\"_blank\" data-hover-background-color='#9cb4b7' data-hover-color='#0a0808' class=\"qbutton  default\" style=\"color: #0a0808; margin: 20; background-color: #b8d6d8;\">Formulaire d'inscription<i class=\"qode_icon_font_awesome fa fa-arrow-circle-o-right qode_button_icon_element\" style=\"\" ><\/i><\/a>[\/vc_column][\/vc_row][vc_row css_animation=\u00a0\u00bb\u00a0\u00bb row_type=\u00a0\u00bbrow\u00a0\u00bb use_row_as_full_screen_section=\u00a0\u00bbno\u00a0\u00bb type=\u00a0\u00bbfull_width\u00a0\u00bb angled_section=\u00a0\u00bbno\u00a0\u00bb text_align=\u00a0\u00bbleft\u00a0\u00bb background_image_as_pattern=\u00a0\u00bbwithout_pattern\u00a0\u00bb][vc_column][vc_empty_space height=\u00a0\u00bb82px\u00a0\u00bb][\/vc_column][\/vc_row]<\/p>\n<\/section>","protected":false},"excerpt":{"rendered":"<p>[vc_row css_animation=\u00a0\u00bb\u00a0\u00bb row_type=\u00a0\u00bbrow\u00a0\u00bb use_row_as_full_screen_section=\u00a0\u00bbno\u00a0\u00bb type=\u00a0\u00bbfull_width\u00a0\u00bb angled_section=\u00a0\u00bbno\u00a0\u00bb text_align=\u00a0\u00bbleft\u00a0\u00bb background_image_as_pattern=\u00a0\u00bbwithout_pattern\u00a0\u00bb][vc_column][vc_empty_space][\/vc_column][\/vc_row][vc_row css_animation=\u00a0\u00bb\u00a0\u00bb row_type=\u00a0\u00bbrow\u00a0\u00bb use_row_as_full_screen_section=\u00a0\u00bbno\u00a0\u00bb type=\u00a0\u00bbgrid\u00a0\u00bb angled_section=\u00a0\u00bbno\u00a0\u00bb text_align=\u00a0\u00bbleft\u00a0\u00bb background_image_as_pattern=\u00a0\u00bbwithout_pattern\u00a0\u00bb z_index=\u00a0\u00bb\u00a0\u00bb css=\u00a0\u00bb.vc_custom_1684953533950{margin-left: 0px !important;}\u00a0\u00bb][vc_column width=\u00a0\u00bb3\/4&Prime; css=\u00a0\u00bb.vc_custom_1685091950165{margin-right: 0px !important;margin-left: 0px !important;border-right-width: 40px !important;}\u00a0\u00bb el_class=\u00a0\u00bbborderbox\u00a0\u00bb][vc_column_text] Inscription [\/vc_column_text][vc_separator type=\u00a0\u00bbsmall\u00a0\u00bb position=\u00a0\u00bbleft\u00a0\u00bb color=\u00a0\u00bb#94ced1&Prime; thickness=\u00a0\u00bb5&Prime; width=\u00a0\u00bb40&Prime; up=\u00a0\u00bb10&Prime; down=\u00a0\u00bb30&Prime;][vc_column_text]Les\u00a0demandes d\u2019inscription pour l\u2019ann\u00e9e scolaire prochaine se font \u00e0&#8230;<\/p>\n","protected":false},"author":1,"featured_media":0,"parent":0,"menu_order":0,"comment_status":"closed","ping_status":"closed","template":"full_width.php","meta":{"inline_featured_image":false,"footnotes":""},"class_list":["post-809","page","type-page","status-publish","hentry"],"yoast_head":"<!-- This site is optimized with the Yoast SEO plugin v21.0 - https:\/\/yoast.com\/wordpress\/plugins\/seo\/ -->\n<title>Inscription - Institut Saint-Louis Bruxelles - Enseignement fondamental<\/title>\n<meta name=\"robots\" content=\"index, follow, max-snippet:-1, max-image-preview:large, max-video-preview:-1\" \/>\n<link rel=\"canonical\" href=\"https:\/\/www.saintlouis.be\/islfondamental\/inscription-saint-louis\/\" \/>\n<meta property=\"og:locale\" content=\"fr_FR\" \/>\n<meta property=\"og:type\" content=\"article\" \/>\n<meta property=\"og:title\" content=\"Inscription - Institut Saint-Louis Bruxelles - Enseignement fondamental\" \/>\n<meta property=\"og:description\" content=\"[vc_row css_animation=\u00a0\u00bb\u00a0\u00bb row_type=\u00a0\u00bbrow\u00a0\u00bb use_row_as_full_screen_section=\u00a0\u00bbno\u00a0\u00bb type=\u00a0\u00bbfull_width\u00a0\u00bb angled_section=\u00a0\u00bbno\u00a0\u00bb text_align=\u00a0\u00bbleft\u00a0\u00bb background_image_as_pattern=\u00a0\u00bbwithout_pattern\u00a0\u00bb][vc_column][vc_empty_space][\/vc_column][\/vc_row][vc_row css_animation=\u00a0\u00bb\u00a0\u00bb row_type=\u00a0\u00bbrow\u00a0\u00bb use_row_as_full_screen_section=\u00a0\u00bbno\u00a0\u00bb type=\u00a0\u00bbgrid\u00a0\u00bb angled_section=\u00a0\u00bbno\u00a0\u00bb text_align=\u00a0\u00bbleft\u00a0\u00bb background_image_as_pattern=\u00a0\u00bbwithout_pattern\u00a0\u00bb z_index=\u00a0\u00bb\u00a0\u00bb css=\u00a0\u00bb.vc_custom_1684953533950{margin-left: 0px !important;}\u00a0\u00bb][vc_column width=\u00a0\u00bb3\/4&Prime; css=\u00a0\u00bb.vc_custom_1685091950165{margin-right: 0px !important;margin-left: 0px !important;border-right-width: 40px !important;}\u00a0\u00bb el_class=\u00a0\u00bbborderbox\u00a0\u00bb][vc_column_text] Inscription [\/vc_column_text][vc_separator type=\u00a0\u00bbsmall\u00a0\u00bb position=\u00a0\u00bbleft\u00a0\u00bb color=\u00a0\u00bb#94ced1&Prime; thickness=\u00a0\u00bb5&Prime; width=\u00a0\u00bb40&Prime; up=\u00a0\u00bb10&Prime; down=\u00a0\u00bb30&Prime;][vc_column_text]Les\u00a0demandes d\u2019inscription pour l\u2019ann\u00e9e scolaire prochaine se font \u00e0...\" \/>\n<meta property=\"og:url\" content=\"https:\/\/www.saintlouis.be\/islfondamental\/inscription-saint-louis\/\" \/>\n<meta property=\"og:site_name\" content=\"Institut Saint-Louis Bruxelles - Enseignement fondamental\" \/>\n<meta property=\"article:modified_time\" content=\"2023-11-21T08:24:34+00:00\" \/>\n<meta name=\"twitter:card\" content=\"summary_large_image\" \/>\n<meta name=\"twitter:label1\" content=\"Dur\u00e9e de lecture estim\u00e9e\" \/>\n\t<meta name=\"twitter:data1\" content=\"2 minutes\" \/>\n<script type=\"application\/ld+json\" class=\"yoast-schema-graph\">{\"@context\":\"https:\/\/schema.org\",\"@graph\":[{\"@type\":\"WebPage\",\"@id\":\"https:\/\/www.saintlouis.be\/islfondamental\/inscription-saint-louis\/\",\"url\":\"https:\/\/www.saintlouis.be\/islfondamental\/inscription-saint-louis\/\",\"name\":\"Inscription - Institut Saint-Louis Bruxelles - Enseignement fondamental\",\"isPartOf\":{\"@id\":\"https:\/\/www.saintlouis.be\/islfondamental\/#website\"},\"datePublished\":\"2023-05-26T09:12:22+00:00\",\"dateModified\":\"2023-11-21T08:24:34+00:00\",\"breadcrumb\":{\"@id\":\"https:\/\/www.saintlouis.be\/islfondamental\/inscription-saint-louis\/#breadcrumb\"},\"inLanguage\":\"fr-FR\",\"potentialAction\":[{\"@type\":\"ReadAction\",\"target\":[\"https:\/\/www.saintlouis.be\/islfondamental\/inscription-saint-louis\/\"]}]},{\"@type\":\"BreadcrumbList\",\"@id\":\"https:\/\/www.saintlouis.be\/islfondamental\/inscription-saint-louis\/#breadcrumb\",\"itemListElement\":[{\"@type\":\"ListItem\",\"position\":1,\"name\":\"Accueil\",\"item\":\"https:\/\/www.saintlouis.be\/islfondamental\/\"},{\"@type\":\"ListItem\",\"position\":2,\"name\":\"Inscription\"}]},{\"@type\":\"WebSite\",\"@id\":\"https:\/\/www.saintlouis.be\/islfondamental\/#website\",\"url\":\"https:\/\/www.saintlouis.be\/islfondamental\/\",\"name\":\"Institut Saint-Louis Bruxelles - Enseignement fondamental\",\"description\":\"\",\"publisher\":{\"@id\":\"https:\/\/www.saintlouis.be\/islfondamental\/#organization\"},\"potentialAction\":[{\"@type\":\"SearchAction\",\"target\":{\"@type\":\"EntryPoint\",\"urlTemplate\":\"https:\/\/www.saintlouis.be\/islfondamental\/?s={search_term_string}\"},\"query-input\":\"required name=search_term_string\"}],\"inLanguage\":\"fr-FR\"},{\"@type\":\"Organization\",\"@id\":\"https:\/\/www.saintlouis.be\/islfondamental\/#organization\",\"name\":\"Institut Saint-Louis\",\"url\":\"https:\/\/www.saintlouis.be\/islfondamental\/\",\"logo\":{\"@type\":\"ImageObject\",\"inLanguage\":\"fr-FR\",\"@id\":\"https:\/\/www.saintlouis.be\/islfondamental\/#\/schema\/logo\/image\/\",\"url\":\"https:\/\/www.saintlouis.be\/islfondamental\/wp-content\/uploads\/2023\/03\/Saint-Louis-Bruxelles-Logo.jpg\",\"contentUrl\":\"https:\/\/www.saintlouis.be\/islfondamental\/wp-content\/uploads\/2023\/03\/Saint-Louis-Bruxelles-Logo.jpg\",\"width\":900,\"height\":240,\"caption\":\"Institut Saint-Louis\"},\"image\":{\"@id\":\"https:\/\/www.saintlouis.be\/islfondamental\/#\/schema\/logo\/image\/\"}}]}<\/script>\n<!-- \/ Yoast SEO plugin. -->","yoast_head_json":{"title":"Inscription - Institut Saint-Louis Bruxelles - Enseignement fondamental","robots":{"index":"index","follow":"follow","max-snippet":"max-snippet:-1","max-image-preview":"max-image-preview:large","max-video-preview":"max-video-preview:-1"},"canonical":"https:\/\/www.saintlouis.be\/islfondamental\/inscription-saint-louis\/","og_locale":"fr_FR","og_type":"article","og_title":"Inscription - Institut Saint-Louis Bruxelles - Enseignement fondamental","og_description":"[vc_row css_animation=\u00a0\u00bb\u00a0\u00bb row_type=\u00a0\u00bbrow\u00a0\u00bb use_row_as_full_screen_section=\u00a0\u00bbno\u00a0\u00bb type=\u00a0\u00bbfull_width\u00a0\u00bb angled_section=\u00a0\u00bbno\u00a0\u00bb text_align=\u00a0\u00bbleft\u00a0\u00bb background_image_as_pattern=\u00a0\u00bbwithout_pattern\u00a0\u00bb][vc_column][vc_empty_space][\/vc_column][\/vc_row][vc_row css_animation=\u00a0\u00bb\u00a0\u00bb row_type=\u00a0\u00bbrow\u00a0\u00bb use_row_as_full_screen_section=\u00a0\u00bbno\u00a0\u00bb type=\u00a0\u00bbgrid\u00a0\u00bb angled_section=\u00a0\u00bbno\u00a0\u00bb text_align=\u00a0\u00bbleft\u00a0\u00bb background_image_as_pattern=\u00a0\u00bbwithout_pattern\u00a0\u00bb z_index=\u00a0\u00bb\u00a0\u00bb css=\u00a0\u00bb.vc_custom_1684953533950{margin-left: 0px !important;}\u00a0\u00bb][vc_column width=\u00a0\u00bb3\/4&Prime; css=\u00a0\u00bb.vc_custom_1685091950165{margin-right: 0px !important;margin-left: 0px !important;border-right-width: 40px !important;}\u00a0\u00bb el_class=\u00a0\u00bbborderbox\u00a0\u00bb][vc_column_text] Inscription [\/vc_column_text][vc_separator type=\u00a0\u00bbsmall\u00a0\u00bb position=\u00a0\u00bbleft\u00a0\u00bb color=\u00a0\u00bb#94ced1&Prime; thickness=\u00a0\u00bb5&Prime; width=\u00a0\u00bb40&Prime; up=\u00a0\u00bb10&Prime; down=\u00a0\u00bb30&Prime;][vc_column_text]Les\u00a0demandes d\u2019inscription pour l\u2019ann\u00e9e scolaire prochaine se font \u00e0...","og_url":"https:\/\/www.saintlouis.be\/islfondamental\/inscription-saint-louis\/","og_site_name":"Institut Saint-Louis Bruxelles - Enseignement fondamental","article_modified_time":"2023-11-21T08:24:34+00:00","twitter_card":"summary_large_image","twitter_misc":{"Dur\u00e9e de lecture estim\u00e9e":"2 minutes"},"schema":{"@context":"https:\/\/schema.org","@graph":[{"@type":"WebPage","@id":"https:\/\/www.saintlouis.be\/islfondamental\/inscription-saint-louis\/","url":"https:\/\/www.saintlouis.be\/islfondamental\/inscription-saint-louis\/","name":"Inscription - Institut Saint-Louis Bruxelles - Enseignement fondamental","isPartOf":{"@id":"https:\/\/www.saintlouis.be\/islfondamental\/#website"},"datePublished":"2023-05-26T09:12:22+00:00","dateModified":"2023-11-21T08:24:34+00:00","breadcrumb":{"@id":"https:\/\/www.saintlouis.be\/islfondamental\/inscription-saint-louis\/#breadcrumb"},"inLanguage":"fr-FR","potentialAction":[{"@type":"ReadAction","target":["https:\/\/www.saintlouis.be\/islfondamental\/inscription-saint-louis\/"]}]},{"@type":"BreadcrumbList","@id":"https:\/\/www.saintlouis.be\/islfondamental\/inscription-saint-louis\/#breadcrumb","itemListElement":[{"@type":"ListItem","position":1,"name":"Accueil","item":"https:\/\/www.saintlouis.be\/islfondamental\/"},{"@type":"ListItem","position":2,"name":"Inscription"}]},{"@type":"WebSite","@id":"https:\/\/www.saintlouis.be\/islfondamental\/#website","url":"https:\/\/www.saintlouis.be\/islfondamental\/","name":"Institut Saint-Louis Bruxelles - Enseignement fondamental","description":"","publisher":{"@id":"https:\/\/www.saintlouis.be\/islfondamental\/#organization"},"potentialAction":[{"@type":"SearchAction","target":{"@type":"EntryPoint","urlTemplate":"https:\/\/www.saintlouis.be\/islfondamental\/?s={search_term_string}"},"query-input":"required name=search_term_string"}],"inLanguage":"fr-FR"},{"@type":"Organization","@id":"https:\/\/www.saintlouis.be\/islfondamental\/#organization","name":"Institut Saint-Louis","url":"https:\/\/www.saintlouis.be\/islfondamental\/","logo":{"@type":"ImageObject","inLanguage":"fr-FR","@id":"https:\/\/www.saintlouis.be\/islfondamental\/#\/schema\/logo\/image\/","url":"https:\/\/www.saintlouis.be\/islfondamental\/wp-content\/uploads\/2023\/03\/Saint-Louis-Bruxelles-Logo.jpg","contentUrl":"https:\/\/www.saintlouis.be\/islfondamental\/wp-content\/uploads\/2023\/03\/Saint-Louis-Bruxelles-Logo.jpg","width":900,"height":240,"caption":"Institut Saint-Louis"},"image":{"@id":"https:\/\/www.saintlouis.be\/islfondamental\/#\/schema\/logo\/image\/"}}]}},"_links":{"self":[{"href":"https:\/\/www.saintlouis.be\/islfondamental\/wp-json\/wp\/v2\/pages\/809","targetHints":{"allow":["GET"]}}],"collection":[{"href":"https:\/\/www.saintlouis.be\/islfondamental\/wp-json\/wp\/v2\/pages"}],"about":[{"href":"https:\/\/www.saintlouis.be\/islfondamental\/wp-json\/wp\/v2\/types\/page"}],"author":[{"embeddable":true,"href":"https:\/\/www.saintlouis.be\/islfondamental\/wp-json\/wp\/v2\/users\/1"}],"replies":[{"embeddable":true,"href":"https:\/\/www.saintlouis.be\/islfondamental\/wp-json\/wp\/v2\/comments?post=809"}],"version-history":[{"count":6,"href":"https:\/\/www.saintlouis.be\/islfondamental\/wp-json\/wp\/v2\/pages\/809\/revisions"}],"predecessor-version":[{"id":1214,"href":"https:\/\/www.saintlouis.be\/islfondamental\/wp-json\/wp\/v2\/pages\/809\/revisions\/1214"}],"wp:attachment":[{"href":"https:\/\/www.saintlouis.be\/islfondamental\/wp-json\/wp\/v2\/media?parent=809"}],"curies":[{"name":"wp","href":"https:\/\/api.w.org\/{rel}","templated":true}]}}