{"id":773,"date":"2023-05-25T22:18:04","date_gmt":"2023-05-25T20:18:04","guid":{"rendered":"https:\/\/www.saintlouis.be\/islfondamental\/_dev\/?page_id=773"},"modified":"2024-04-23T12:23:12","modified_gmt":"2024-04-23T10:23:12","slug":"garderie","status":"publish","type":"page","link":"https:\/\/www.saintlouis.be\/islfondamental\/info-pratiques\/garderie\/","title":{"rendered":"Garderie"},"content":{"rendered":"<section class=\"wpb-content-wrapper\"><p>[vc_row css_animation=\u00a0\u00bb\u00a0\u00bb row_type=\u00a0\u00bbrow\u00a0\u00bb use_row_as_full_screen_section=\u00a0\u00bbno\u00a0\u00bb type=\u00a0\u00bbfull_width\u00a0\u00bb angled_section=\u00a0\u00bbno\u00a0\u00bb text_align=\u00a0\u00bbleft\u00a0\u00bb background_image_as_pattern=\u00a0\u00bbwithout_pattern\u00a0\u00bb][vc_column][vc_empty_space][\/vc_column][\/vc_row][vc_row css_animation=\u00a0\u00bb\u00a0\u00bb row_type=\u00a0\u00bbrow\u00a0\u00bb use_row_as_full_screen_section=\u00a0\u00bbno\u00a0\u00bb type=\u00a0\u00bbgrid\u00a0\u00bb angled_section=\u00a0\u00bbno\u00a0\u00bb text_align=\u00a0\u00bbleft\u00a0\u00bb background_image_as_pattern=\u00a0\u00bbwithout_pattern\u00a0\u00bb z_index=\u00a0\u00bb\u00a0\u00bb css=\u00a0\u00bb.vc_custom_1684953533950{margin-left: 0px !important;}\u00a0\u00bb][vc_column width=\u00a0\u00bb1\/4&Prime; css=\u00a0\u00bb.vc_custom_1684954301054{margin-right: 0px !important;margin-left: 0px !important;border-right-width: 40px !important;background-color: #94ced1 !important;}\u00a0\u00bb el_class=\u00a0\u00bbborderbox\u00a0\u00bb][vc_column_text]<\/p>\n<h4>Infos pratiques<\/h4>\n<p>[\/vc_column_text][vc_column_text]<a href=\"https:\/\/www.saintlouis.be\/islfondamental\/reglement-general-des-etudes\/\">R\u00e9glement des \u00e9tudes\u00a0<\/a>[\/vc_column_text][vc_separator type=\u00a0\u00bbnormal\u00a0\u00bb][vc_column_text]<a href=\"https:\/\/www.saintlouis.be\/islfondamental\/info-pratiques\/reglement-dordre-interieur\/\">R\u00e8glement d&rsquo;ordre int\u00e9rieur<\/a>[\/vc_column_text][vc_separator type=\u00a0\u00bbnormal\u00a0\u00bb][vc_column_text]<a href=\"https:\/\/www.saintlouis.be\/islfondamental\/info-pratiques\/inscription\">Inscriptions<\/a>[\/vc_column_text][vc_separator type=\u00a0\u00bbnormal\u00a0\u00bb][vc_column_text]<a href=\"https:\/\/www.saintlouis.be\/islfondamental\/info-pratiques\/documents\/\">Documents\u00a0<\/a>[\/vc_column_text][vc_separator type=\u00a0\u00bbnormal\u00a0\u00bb][vc_column_text]<a href=\"https:\/\/www.saintlouis.be\/islfondamental\/info-pratiques\/horaire\/\">Horaire\u00a0<\/a>[\/vc_column_text][vc_separator type=\u00a0\u00bbnormal\u00a0\u00bb][vc_column_text]<a href=\"https:\/\/www.saintlouis.be\/islfondamental\/info-pratiques\/assurance\/\">Assurance\u00a0<\/a>[\/vc_column_text][vc_separator type=\u00a0\u00bbnormal\u00a0\u00bb][vc_column_text]<a href=\"https:\/\/www.saintlouis.be\/islfondamental\/info-pratiques\/repas-de-midi\/\">Repas de midi\u00a0<\/a>[\/vc_column_text][vc_separator type=\u00a0\u00bbnormal\u00a0\u00bb][vc_column_text]<a href=\"https:\/\/www.saintlouis.be\/islfondamental\/info-pratiques\/etudes\">Etudes<\/a>[\/vc_column_text][vc_separator type=\u00a0\u00bbnormal\u00a0\u00bb][vc_column_text]<a href=\"https:\/\/www.saintlouis.be\/islfondamental\/info-pratiques\/garderies\">Garderies<\/a>[\/vc_column_text][vc_separator type=\u00a0\u00bbnormal\u00a0\u00bb][vc_column_text]<a href=\"https:\/\/www.saintlouis.be\/islfondamental\/info-pratiques\/garderies\">Le formulaire suppl\u00e9ment <\/a>[\/vc_column_text][vc_separator type=\u00a0\u00bbnormal\u00a0\u00bb][vc_column_text]<a href=\"https:\/\/www.saintlouis.be\/islfondamental\/info-pratiques\/divers\">Divers<\/a>[\/vc_column_text][vc_separator type=\u00a0\u00bbnormal\u00a0\u00bb][vc_empty_space][\/vc_column][vc_column width=\u00a0\u00bb3\/4&Prime; css=\u00a0\u00bb.vc_custom_1684954607607{margin-right: 0px !important;margin-left: 0px !important;}\u00a0\u00bb el_class=\u00a0\u00bbbordercontent\u00a0\u00bb][vc_column_text]<\/p>\n<h2>Garderie<\/h2>\n<p>[\/vc_column_text][vc_separator type=\u00a0\u00bbsmall\u00a0\u00bb position=\u00a0\u00bbleft\u00a0\u00bb color=\u00a0\u00bb#94ced1&Prime; thickness=\u00a0\u00bb5&Prime; width=\u00a0\u00bb40&Prime; up=\u00a0\u00bb10&Prime; down=\u00a0\u00bb30&Prime;][vc_column_text]Avant et apr\u00e8s les cours, ainsi que le mercredi apr\u00e8s-midi l&rsquo;Institut organise des garderies.<\/p>\n<p>Elles d\u00e9butent \u00e0 7 h 30 et se terminent \u00e0 17 h 30 (mercredi apr\u00e8s-midi \u00e0 17h15).<\/p>\n<p>Ces garderies sont payantes.<\/p>\n<p>Le montant pay\u00e9 est <strong>forfaitaire<\/strong>.<\/p>\n<p>La participation exceptionnelle \u00e0 une garderie du soir ou du mercredi apr\u00e8s-midi sont factur\u00e9s respectivement \u00e0 3 \u20ac et 6 \u20ac m\u00eame pour une pr\u00e9sence partielle.<\/p>\n<p>Avant 7 h 30 et apr\u00e8s 17 h 30, aucun \u00e9l\u00e8ve ne peut se trouver dans l&rsquo;\u00e9cole, la surveillance ne pouvant \u00eatre assur\u00e9e.<\/p>\n<p><strong><em>Tout probl\u00e8me survenant alors rel\u00e8verait de la responsabilit\u00e9 seule des parents.<\/em><\/strong><\/p>\n<p>Au-del\u00e0 de 17 h 30, apr\u00e8s la fermeture des \u00e9coles, un montant de 7,50\u20ac par quart d\u2019heure et par enfant sera factur\u00e9 aux parents retardataires.[\/vc_column_text][\/vc_column][\/vc_row][vc_row css_animation=\u00a0\u00bb\u00a0\u00bb row_type=\u00a0\u00bbrow\u00a0\u00bb use_row_as_full_screen_section=\u00a0\u00bbno\u00a0\u00bb type=\u00a0\u00bbfull_width\u00a0\u00bb angled_section=\u00a0\u00bbno\u00a0\u00bb text_align=\u00a0\u00bbleft\u00a0\u00bb background_image_as_pattern=\u00a0\u00bbwithout_pattern\u00a0\u00bb][vc_column][vc_empty_space height=\u00a0\u00bb82px\u00a0\u00bb][\/vc_column][\/vc_row]<\/p>\n<\/section>","protected":false},"excerpt":{"rendered":"<p>[vc_row css_animation=\u00a0\u00bb\u00a0\u00bb row_type=\u00a0\u00bbrow\u00a0\u00bb use_row_as_full_screen_section=\u00a0\u00bbno\u00a0\u00bb type=\u00a0\u00bbfull_width\u00a0\u00bb angled_section=\u00a0\u00bbno\u00a0\u00bb text_align=\u00a0\u00bbleft\u00a0\u00bb background_image_as_pattern=\u00a0\u00bbwithout_pattern\u00a0\u00bb][vc_column][vc_empty_space][\/vc_column][\/vc_row][vc_row css_animation=\u00a0\u00bb\u00a0\u00bb row_type=\u00a0\u00bbrow\u00a0\u00bb use_row_as_full_screen_section=\u00a0\u00bbno\u00a0\u00bb type=\u00a0\u00bbgrid\u00a0\u00bb angled_section=\u00a0\u00bbno\u00a0\u00bb text_align=\u00a0\u00bbleft\u00a0\u00bb background_image_as_pattern=\u00a0\u00bbwithout_pattern\u00a0\u00bb z_index=\u00a0\u00bb\u00a0\u00bb css=\u00a0\u00bb.vc_custom_1684953533950{margin-left: 0px !important;}\u00a0\u00bb][vc_column width=\u00a0\u00bb1\/4&Prime; css=\u00a0\u00bb.vc_custom_1684954301054{margin-right: 0px !important;margin-left: 0px !important;border-right-width: 40px !important;background-color: #94ced1 !important;}\u00a0\u00bb el_class=\u00a0\u00bbborderbox\u00a0\u00bb][vc_column_text] Infos pratiques [\/vc_column_text][vc_column_text]R\u00e9glement des \u00e9tudes\u00a0[\/vc_column_text][vc_separator type=\u00a0\u00bbnormal\u00a0\u00bb][vc_column_text]R\u00e8glement d&rsquo;ordre int\u00e9rieur[\/vc_column_text][vc_separator type=\u00a0\u00bbnormal\u00a0\u00bb][vc_column_text]Inscriptions[\/vc_column_text][vc_separator type=\u00a0\u00bbnormal\u00a0\u00bb][vc_column_text]Documents\u00a0[\/vc_column_text][vc_separator type=\u00a0\u00bbnormal\u00a0\u00bb][vc_column_text]Horaire\u00a0[\/vc_column_text][vc_separator type=\u00a0\u00bbnormal\u00a0\u00bb][vc_column_text]Assurance\u00a0[\/vc_column_text][vc_separator type=\u00a0\u00bbnormal\u00a0\u00bb][vc_column_text]Repas de midi\u00a0[\/vc_column_text][vc_separator&#8230;<\/p>\n","protected":false},"author":1,"featured_media":0,"parent":453,"menu_order":0,"comment_status":"closed","ping_status":"closed","template":"full_width.php","meta":{"inline_featured_image":false,"footnotes":""},"class_list":["post-773","page","type-page","status-publish","hentry"],"yoast_head":"<!-- This site is optimized with the Yoast SEO plugin v21.0 - https:\/\/yoast.com\/wordpress\/plugins\/seo\/ -->\n<title>Garderie - Institut Saint-Louis Bruxelles - Enseignement fondamental<\/title>\n<meta name=\"robots\" content=\"index, follow, max-snippet:-1, max-image-preview:large, max-video-preview:-1\" \/>\n<link rel=\"canonical\" href=\"https:\/\/www.saintlouis.be\/islfondamental\/info-pratiques\/garderie\/\" \/>\n<meta property=\"og:locale\" content=\"fr_FR\" \/>\n<meta property=\"og:type\" content=\"article\" \/>\n<meta property=\"og:title\" content=\"Garderie - Institut Saint-Louis Bruxelles - Enseignement fondamental\" \/>\n<meta property=\"og:description\" content=\"[vc_row css_animation=\u00a0\u00bb\u00a0\u00bb row_type=\u00a0\u00bbrow\u00a0\u00bb use_row_as_full_screen_section=\u00a0\u00bbno\u00a0\u00bb type=\u00a0\u00bbfull_width\u00a0\u00bb angled_section=\u00a0\u00bbno\u00a0\u00bb text_align=\u00a0\u00bbleft\u00a0\u00bb background_image_as_pattern=\u00a0\u00bbwithout_pattern\u00a0\u00bb][vc_column][vc_empty_space][\/vc_column][\/vc_row][vc_row css_animation=\u00a0\u00bb\u00a0\u00bb row_type=\u00a0\u00bbrow\u00a0\u00bb use_row_as_full_screen_section=\u00a0\u00bbno\u00a0\u00bb type=\u00a0\u00bbgrid\u00a0\u00bb angled_section=\u00a0\u00bbno\u00a0\u00bb text_align=\u00a0\u00bbleft\u00a0\u00bb background_image_as_pattern=\u00a0\u00bbwithout_pattern\u00a0\u00bb z_index=\u00a0\u00bb\u00a0\u00bb css=\u00a0\u00bb.vc_custom_1684953533950{margin-left: 0px !important;}\u00a0\u00bb][vc_column width=\u00a0\u00bb1\/4&Prime; css=\u00a0\u00bb.vc_custom_1684954301054{margin-right: 0px !important;margin-left: 0px !important;border-right-width: 40px !important;background-color: #94ced1 !important;}\u00a0\u00bb el_class=\u00a0\u00bbborderbox\u00a0\u00bb][vc_column_text] Infos pratiques [\/vc_column_text][vc_column_text]R\u00e9glement des \u00e9tudes\u00a0[\/vc_column_text][vc_separator type=\u00a0\u00bbnormal\u00a0\u00bb][vc_column_text]R\u00e8glement d&rsquo;ordre int\u00e9rieur[\/vc_column_text][vc_separator type=\u00a0\u00bbnormal\u00a0\u00bb][vc_column_text]Inscriptions[\/vc_column_text][vc_separator type=\u00a0\u00bbnormal\u00a0\u00bb][vc_column_text]Documents\u00a0[\/vc_column_text][vc_separator type=\u00a0\u00bbnormal\u00a0\u00bb][vc_column_text]Horaire\u00a0[\/vc_column_text][vc_separator type=\u00a0\u00bbnormal\u00a0\u00bb][vc_column_text]Assurance\u00a0[\/vc_column_text][vc_separator type=\u00a0\u00bbnormal\u00a0\u00bb][vc_column_text]Repas de midi\u00a0[\/vc_column_text][vc_separator...\" \/>\n<meta property=\"og:url\" content=\"https:\/\/www.saintlouis.be\/islfondamental\/info-pratiques\/garderie\/\" \/>\n<meta property=\"og:site_name\" content=\"Institut Saint-Louis Bruxelles - Enseignement fondamental\" \/>\n<meta property=\"article:modified_time\" content=\"2024-04-23T10:23:12+00:00\" \/>\n<meta name=\"twitter:card\" content=\"summary_large_image\" \/>\n<meta name=\"twitter:label1\" content=\"Dur\u00e9e de lecture estim\u00e9e\" \/>\n\t<meta name=\"twitter:data1\" content=\"2 minutes\" \/>\n<script type=\"application\/ld+json\" class=\"yoast-schema-graph\">{\"@context\":\"https:\/\/schema.org\",\"@graph\":[{\"@type\":\"WebPage\",\"@id\":\"https:\/\/www.saintlouis.be\/islfondamental\/info-pratiques\/garderie\/\",\"url\":\"https:\/\/www.saintlouis.be\/islfondamental\/info-pratiques\/garderie\/\",\"name\":\"Garderie - Institut Saint-Louis Bruxelles - Enseignement fondamental\",\"isPartOf\":{\"@id\":\"https:\/\/www.saintlouis.be\/islfondamental\/#website\"},\"datePublished\":\"2023-05-25T20:18:04+00:00\",\"dateModified\":\"2024-04-23T10:23:12+00:00\",\"breadcrumb\":{\"@id\":\"https:\/\/www.saintlouis.be\/islfondamental\/info-pratiques\/garderie\/#breadcrumb\"},\"inLanguage\":\"fr-FR\",\"potentialAction\":[{\"@type\":\"ReadAction\",\"target\":[\"https:\/\/www.saintlouis.be\/islfondamental\/info-pratiques\/garderie\/\"]}]},{\"@type\":\"BreadcrumbList\",\"@id\":\"https:\/\/www.saintlouis.be\/islfondamental\/info-pratiques\/garderie\/#breadcrumb\",\"itemListElement\":[{\"@type\":\"ListItem\",\"position\":1,\"name\":\"Accueil\",\"item\":\"https:\/\/www.saintlouis.be\/islfondamental\/\"},{\"@type\":\"ListItem\",\"position\":2,\"name\":\"Infos pratiques\",\"item\":\"https:\/\/www.saintlouis.be\/islfondamental\/info-pratiques\/\"},{\"@type\":\"ListItem\",\"position\":3,\"name\":\"Garderie\"}]},{\"@type\":\"WebSite\",\"@id\":\"https:\/\/www.saintlouis.be\/islfondamental\/#website\",\"url\":\"https:\/\/www.saintlouis.be\/islfondamental\/\",\"name\":\"Institut Saint-Louis Bruxelles - Enseignement fondamental\",\"description\":\"\",\"publisher\":{\"@id\":\"https:\/\/www.saintlouis.be\/islfondamental\/#organization\"},\"potentialAction\":[{\"@type\":\"SearchAction\",\"target\":{\"@type\":\"EntryPoint\",\"urlTemplate\":\"https:\/\/www.saintlouis.be\/islfondamental\/?s={search_term_string}\"},\"query-input\":\"required name=search_term_string\"}],\"inLanguage\":\"fr-FR\"},{\"@type\":\"Organization\",\"@id\":\"https:\/\/www.saintlouis.be\/islfondamental\/#organization\",\"name\":\"Institut Saint-Louis\",\"url\":\"https:\/\/www.saintlouis.be\/islfondamental\/\",\"logo\":{\"@type\":\"ImageObject\",\"inLanguage\":\"fr-FR\",\"@id\":\"https:\/\/www.saintlouis.be\/islfondamental\/#\/schema\/logo\/image\/\",\"url\":\"https:\/\/www.saintlouis.be\/islfondamental\/wp-content\/uploads\/2023\/03\/Saint-Louis-Bruxelles-Logo.jpg\",\"contentUrl\":\"https:\/\/www.saintlouis.be\/islfondamental\/wp-content\/uploads\/2023\/03\/Saint-Louis-Bruxelles-Logo.jpg\",\"width\":900,\"height\":240,\"caption\":\"Institut Saint-Louis\"},\"image\":{\"@id\":\"https:\/\/www.saintlouis.be\/islfondamental\/#\/schema\/logo\/image\/\"}}]}<\/script>\n<!-- \/ Yoast SEO plugin. -->","yoast_head_json":{"title":"Garderie - Institut Saint-Louis Bruxelles - Enseignement fondamental","robots":{"index":"index","follow":"follow","max-snippet":"max-snippet:-1","max-image-preview":"max-image-preview:large","max-video-preview":"max-video-preview:-1"},"canonical":"https:\/\/www.saintlouis.be\/islfondamental\/info-pratiques\/garderie\/","og_locale":"fr_FR","og_type":"article","og_title":"Garderie - Institut Saint-Louis Bruxelles - Enseignement fondamental","og_description":"[vc_row css_animation=\u00a0\u00bb\u00a0\u00bb row_type=\u00a0\u00bbrow\u00a0\u00bb use_row_as_full_screen_section=\u00a0\u00bbno\u00a0\u00bb type=\u00a0\u00bbfull_width\u00a0\u00bb angled_section=\u00a0\u00bbno\u00a0\u00bb text_align=\u00a0\u00bbleft\u00a0\u00bb background_image_as_pattern=\u00a0\u00bbwithout_pattern\u00a0\u00bb][vc_column][vc_empty_space][\/vc_column][\/vc_row][vc_row css_animation=\u00a0\u00bb\u00a0\u00bb row_type=\u00a0\u00bbrow\u00a0\u00bb use_row_as_full_screen_section=\u00a0\u00bbno\u00a0\u00bb type=\u00a0\u00bbgrid\u00a0\u00bb angled_section=\u00a0\u00bbno\u00a0\u00bb text_align=\u00a0\u00bbleft\u00a0\u00bb background_image_as_pattern=\u00a0\u00bbwithout_pattern\u00a0\u00bb z_index=\u00a0\u00bb\u00a0\u00bb css=\u00a0\u00bb.vc_custom_1684953533950{margin-left: 0px !important;}\u00a0\u00bb][vc_column width=\u00a0\u00bb1\/4&Prime; css=\u00a0\u00bb.vc_custom_1684954301054{margin-right: 0px !important;margin-left: 0px !important;border-right-width: 40px !important;background-color: #94ced1 !important;}\u00a0\u00bb el_class=\u00a0\u00bbborderbox\u00a0\u00bb][vc_column_text] Infos pratiques [\/vc_column_text][vc_column_text]R\u00e9glement des \u00e9tudes\u00a0[\/vc_column_text][vc_separator type=\u00a0\u00bbnormal\u00a0\u00bb][vc_column_text]R\u00e8glement d&rsquo;ordre int\u00e9rieur[\/vc_column_text][vc_separator type=\u00a0\u00bbnormal\u00a0\u00bb][vc_column_text]Inscriptions[\/vc_column_text][vc_separator type=\u00a0\u00bbnormal\u00a0\u00bb][vc_column_text]Documents\u00a0[\/vc_column_text][vc_separator type=\u00a0\u00bbnormal\u00a0\u00bb][vc_column_text]Horaire\u00a0[\/vc_column_text][vc_separator type=\u00a0\u00bbnormal\u00a0\u00bb][vc_column_text]Assurance\u00a0[\/vc_column_text][vc_separator type=\u00a0\u00bbnormal\u00a0\u00bb][vc_column_text]Repas de midi\u00a0[\/vc_column_text][vc_separator...","og_url":"https:\/\/www.saintlouis.be\/islfondamental\/info-pratiques\/garderie\/","og_site_name":"Institut Saint-Louis Bruxelles - Enseignement fondamental","article_modified_time":"2024-04-23T10:23:12+00:00","twitter_card":"summary_large_image","twitter_misc":{"Dur\u00e9e de lecture estim\u00e9e":"2 minutes"},"schema":{"@context":"https:\/\/schema.org","@graph":[{"@type":"WebPage","@id":"https:\/\/www.saintlouis.be\/islfondamental\/info-pratiques\/garderie\/","url":"https:\/\/www.saintlouis.be\/islfondamental\/info-pratiques\/garderie\/","name":"Garderie - Institut Saint-Louis Bruxelles - Enseignement fondamental","isPartOf":{"@id":"https:\/\/www.saintlouis.be\/islfondamental\/#website"},"datePublished":"2023-05-25T20:18:04+00:00","dateModified":"2024-04-23T10:23:12+00:00","breadcrumb":{"@id":"https:\/\/www.saintlouis.be\/islfondamental\/info-pratiques\/garderie\/#breadcrumb"},"inLanguage":"fr-FR","potentialAction":[{"@type":"ReadAction","target":["https:\/\/www.saintlouis.be\/islfondamental\/info-pratiques\/garderie\/"]}]},{"@type":"BreadcrumbList","@id":"https:\/\/www.saintlouis.be\/islfondamental\/info-pratiques\/garderie\/#breadcrumb","itemListElement":[{"@type":"ListItem","position":1,"name":"Accueil","item":"https:\/\/www.saintlouis.be\/islfondamental\/"},{"@type":"ListItem","position":2,"name":"Infos pratiques","item":"https:\/\/www.saintlouis.be\/islfondamental\/info-pratiques\/"},{"@type":"ListItem","position":3,"name":"Garderie"}]},{"@type":"WebSite","@id":"https:\/\/www.saintlouis.be\/islfondamental\/#website","url":"https:\/\/www.saintlouis.be\/islfondamental\/","name":"Institut Saint-Louis Bruxelles - Enseignement fondamental","description":"","publisher":{"@id":"https:\/\/www.saintlouis.be\/islfondamental\/#organization"},"potentialAction":[{"@type":"SearchAction","target":{"@type":"EntryPoint","urlTemplate":"https:\/\/www.saintlouis.be\/islfondamental\/?s={search_term_string}"},"query-input":"required name=search_term_string"}],"inLanguage":"fr-FR"},{"@type":"Organization","@id":"https:\/\/www.saintlouis.be\/islfondamental\/#organization","name":"Institut Saint-Louis","url":"https:\/\/www.saintlouis.be\/islfondamental\/","logo":{"@type":"ImageObject","inLanguage":"fr-FR","@id":"https:\/\/www.saintlouis.be\/islfondamental\/#\/schema\/logo\/image\/","url":"https:\/\/www.saintlouis.be\/islfondamental\/wp-content\/uploads\/2023\/03\/Saint-Louis-Bruxelles-Logo.jpg","contentUrl":"https:\/\/www.saintlouis.be\/islfondamental\/wp-content\/uploads\/2023\/03\/Saint-Louis-Bruxelles-Logo.jpg","width":900,"height":240,"caption":"Institut Saint-Louis"},"image":{"@id":"https:\/\/www.saintlouis.be\/islfondamental\/#\/schema\/logo\/image\/"}}]}},"_links":{"self":[{"href":"https:\/\/www.saintlouis.be\/islfondamental\/wp-json\/wp\/v2\/pages\/773","targetHints":{"allow":["GET"]}}],"collection":[{"href":"https:\/\/www.saintlouis.be\/islfondamental\/wp-json\/wp\/v2\/pages"}],"about":[{"href":"https:\/\/www.saintlouis.be\/islfondamental\/wp-json\/wp\/v2\/types\/page"}],"author":[{"embeddable":true,"href":"https:\/\/www.saintlouis.be\/islfondamental\/wp-json\/wp\/v2\/users\/1"}],"replies":[{"embeddable":true,"href":"https:\/\/www.saintlouis.be\/islfondamental\/wp-json\/wp\/v2\/comments?post=773"}],"version-history":[{"count":2,"href":"https:\/\/www.saintlouis.be\/islfondamental\/wp-json\/wp\/v2\/pages\/773\/revisions"}],"predecessor-version":[{"id":1267,"href":"https:\/\/www.saintlouis.be\/islfondamental\/wp-json\/wp\/v2\/pages\/773\/revisions\/1267"}],"up":[{"embeddable":true,"href":"https:\/\/www.saintlouis.be\/islfondamental\/wp-json\/wp\/v2\/pages\/453"}],"wp:attachment":[{"href":"https:\/\/www.saintlouis.be\/islfondamental\/wp-json\/wp\/v2\/media?parent=773"}],"curies":[{"name":"wp","href":"https:\/\/api.w.org\/{rel}","templated":true}]}}