{"id":772,"date":"2023-05-25T22:19:33","date_gmt":"2023-05-25T20:19:33","guid":{"rendered":"https:\/\/www.saintlouis.be\/islfondamental\/_dev\/?page_id=772"},"modified":"2024-04-23T13:53:49","modified_gmt":"2024-04-23T11:53:49","slug":"le-formulaire-supplement","status":"publish","type":"page","link":"https:\/\/www.saintlouis.be\/islfondamental\/info-pratiques\/le-formulaire-supplement\/","title":{"rendered":"Le formulaire suppl\u00e9ment"},"content":{"rendered":"<section class=\"wpb-content-wrapper\"><p>[vc_row css_animation=\u00a0\u00bb\u00a0\u00bb row_type=\u00a0\u00bbrow\u00a0\u00bb use_row_as_full_screen_section=\u00a0\u00bbno\u00a0\u00bb type=\u00a0\u00bbfull_width\u00a0\u00bb angled_section=\u00a0\u00bbno\u00a0\u00bb text_align=\u00a0\u00bbleft\u00a0\u00bb background_image_as_pattern=\u00a0\u00bbwithout_pattern\u00a0\u00bb][vc_column][vc_empty_space][\/vc_column][\/vc_row][vc_row css_animation=\u00a0\u00bb\u00a0\u00bb row_type=\u00a0\u00bbrow\u00a0\u00bb use_row_as_full_screen_section=\u00a0\u00bbno\u00a0\u00bb type=\u00a0\u00bbgrid\u00a0\u00bb angled_section=\u00a0\u00bbno\u00a0\u00bb text_align=\u00a0\u00bbleft\u00a0\u00bb background_image_as_pattern=\u00a0\u00bbwithout_pattern\u00a0\u00bb z_index=\u00a0\u00bb\u00a0\u00bb css=\u00a0\u00bb.vc_custom_1684953533950{margin-left: 0px !important;}\u00a0\u00bb][vc_column width=\u00a0\u00bb1\/4&Prime; css=\u00a0\u00bb.vc_custom_1684954301054{margin-right: 0px !important;margin-left: 0px !important;border-right-width: 40px !important;background-color: #94ced1 !important;}\u00a0\u00bb el_class=\u00a0\u00bbborderbox\u00a0\u00bb][vc_column_text]<\/p>\n<h4>Infos pratiques<\/h4>\n<p>[\/vc_column_text][vc_column_text]<a href=\"https:\/\/www.saintlouis.be\/islfondamental\/reglement-general-des-etudes\/\">R\u00e9glement des \u00e9tudes\u00a0<\/a>[\/vc_column_text][vc_separator type=\u00a0\u00bbnormal\u00a0\u00bb][vc_column_text]<a href=\"https:\/\/www.saintlouis.be\/islfondamental\/info-pratiques\/reglement-dordre-interieur\/\">R\u00e8glement d&rsquo;ordre int\u00e9rieur<\/a>[\/vc_column_text][vc_separator type=\u00a0\u00bbnormal\u00a0\u00bb][vc_column_text]<a href=\"https:\/\/www.saintlouis.be\/islfondamental\/info-pratiques\/inscription\">Inscriptions<\/a>[\/vc_column_text][vc_separator type=\u00a0\u00bbnormal\u00a0\u00bb][vc_column_text]<a href=\"https:\/\/www.saintlouis.be\/islfondamental\/info-pratiques\/documents\/\">Documents\u00a0<\/a>[\/vc_column_text][vc_separator type=\u00a0\u00bbnormal\u00a0\u00bb][vc_column_text]<a href=\"https:\/\/www.saintlouis.be\/islfondamental\/info-pratiques\/horaire\/\">Horaire\u00a0<\/a>[\/vc_column_text][vc_separator type=\u00a0\u00bbnormal\u00a0\u00bb][vc_column_text]<a href=\"https:\/\/www.saintlouis.be\/islfondamental\/info-pratiques\/assurance\/\">Assurance\u00a0<\/a>[\/vc_column_text][vc_separator type=\u00a0\u00bbnormal\u00a0\u00bb][vc_column_text]<a href=\"https:\/\/www.saintlouis.be\/islfondamental\/info-pratiques\/repas-de-midi\/\">Repas de midi\u00a0<\/a>[\/vc_column_text][vc_separator type=\u00a0\u00bbnormal\u00a0\u00bb][vc_column_text]<a href=\"https:\/\/www.saintlouis.be\/islfondamental\/info-pratiques\/etudes\">Etudes<\/a>[\/vc_column_text][vc_separator type=\u00a0\u00bbnormal\u00a0\u00bb][vc_column_text]<a href=\"https:\/\/www.saintlouis.be\/islfondamental\/info-pratiques\/garderies\">Garderies<\/a>[\/vc_column_text][vc_separator type=\u00a0\u00bbnormal\u00a0\u00bb][vc_column_text]<a href=\"https:\/\/www.saintlouis.be\/islfondamental\/info-pratiques\/garderies\">Le formulaire suppl\u00e9ment <\/a>[\/vc_column_text][vc_separator type=\u00a0\u00bbnormal\u00a0\u00bb][vc_column_text]<a href=\"https:\/\/www.saintlouis.be\/islfondamental\/info-pratiques\/divers\">Divers<\/a>[\/vc_column_text][vc_separator type=\u00a0\u00bbnormal\u00a0\u00bb][vc_empty_space][\/vc_column][vc_column width=\u00a0\u00bb3\/4&Prime; css=\u00a0\u00bb.vc_custom_1684954607607{margin-right: 0px !important;margin-left: 0px !important;}\u00a0\u00bb el_class=\u00a0\u00bbbordercontent\u00a0\u00bb][vc_column_text]<\/p>\n<h2>Le formulaire suppl\u00e9ment<\/h2>\n<p>[\/vc_column_text][vc_separator type=\u00a0\u00bbsmall\u00a0\u00bb position=\u00a0\u00bbleft\u00a0\u00bb color=\u00a0\u00bb#94ced1&Prime; thickness=\u00a0\u00bb5&Prime; width=\u00a0\u00bb40&Prime; up=\u00a0\u00bb10&Prime; down=\u00a0\u00bb30&Prime;][vc_column_text]L&rsquo;inscription au repas de midi, \u00e0 l\u2019\u00e9tude et aux garderies se fait en d\u00e9but d&rsquo;ann\u00e9e au moyen du formulaire \u00ab\u00a0suppl\u00e9ments\u00a0\u00bb.<\/p>\n<p>Tout changement apport\u00e9 \u00e0 cette inscription doit \u00eatre signal\u00e9 au titulaire <strong>ou<\/strong> au secr\u00e9tariat par un \u00e9crit des parents, la semaine qui pr\u00e9c\u00e8de le changement effectif de p\u00e9riode via l\u2019\u00e9tiquette jaune coll\u00e9e dans le journal de classe.<\/p>\n<p>Il y a 5 p\u00e9riodes de 2 mois chacune\u00a0: septembre-octobre \/ novembre-d\u00e9cembre \/ janvier-f\u00e9vrier \/ mars-avril \/ mai-juin.<\/p>\n<p>Le paiement des suppl\u00e9ments se fait au moyen d&rsquo;un bulletin de virement remis via le journal de classe au d\u00e9but de chaque p\u00e9riode.<\/p>\n<p><strong>Aucune modification ne peut \u00eatre apport\u00e9e<\/strong> sur le virement et il est indispensable pour \u00e9viter d\u2019\u00e9ventuelles erreurs de reprendre exactement la <strong>communication structur\u00e9e en effectuant le paiement<\/strong>.\u00a0Celle-ci est valable uniquement pendant l\u2019ann\u00e9e scolaire en cours.<\/p>\n<p><strong>Ces services rendus par l\u2019\u00e9cole ne sont pas obligatoires. En cas de non-paiement, ils peuvent \u00eatre suspendus par la direction de l\u2019\u00e9cole.<\/strong><\/p>\n<p><u>Conditions g\u00e9n\u00e9rales de paiement \u2013 clause indemnitaire<\/u><\/p>\n<p>En cas de retard de paiement, et apr\u00e8s envoi du 1er rappel sans frais selon les conditions et d\u00e9lais vis\u00e9s \u00e0 l\u2019article XIX.2 du Code de droit \u00e9conomique, le client sera tenu au paiement :<\/p>\n<ol>\n<li>d\u2019int\u00e9r\u00eats fix\u00e9s conform\u00e9ment \u00e0 la loi du 04 mai 2023, \u00e0 savoir le taux directeur major\u00e9 de 8 points.<\/li>\n<li>d\u2019une indemnit\u00e9 forfaitaire calcul\u00e9e de la mani\u00e8re suivante sur le montant restant d\u00fb :<\/li>\n<\/ol>\n<ul>\n<li style=\"list-style-type: none;\">\n<ul>\n<li>Inf\u00e9rieur ou \u00e9gal \u00e0 150 \u20ac : 20 \u20ac<\/li>\n<li>Compris entre 150,01 \u20ac et 500 \u20ac : 30 \u20ac augment\u00e9s de 10% du montant d\u00fb sur la tranche comprise entre 150,01 et 500 \u20ac.<\/li>\n<li>Sup\u00e9rieur \u00e0 500 \u20ac : 65 \u20ac augment\u00e9s de 5% du montant d\u00fb sur la tranche sup\u00e9rieure \u00e0 500 \u20ac, avec un maximum de 2.000 \u20ac.<\/li>\n<\/ul>\n<\/li>\n<\/ul>\n<p>Des int\u00e9r\u00eats et une indemnit\u00e9 forfaitaire identiques seront dus au client en cas d\u2019inex\u00e9cution de ses obligations par l\u2019entreprise. Ceux-ci seront calcul\u00e9s sur le pr\u00e9judice r\u00e9ellement subi et d\u00e9montr\u00e9 par le client.[\/vc_column_text][\/vc_column][\/vc_row][vc_row css_animation=\u00a0\u00bb\u00a0\u00bb row_type=\u00a0\u00bbrow\u00a0\u00bb use_row_as_full_screen_section=\u00a0\u00bbno\u00a0\u00bb type=\u00a0\u00bbfull_width\u00a0\u00bb angled_section=\u00a0\u00bbno\u00a0\u00bb text_align=\u00a0\u00bbleft\u00a0\u00bb background_image_as_pattern=\u00a0\u00bbwithout_pattern\u00a0\u00bb][vc_column][vc_empty_space height=\u00a0\u00bb82px\u00a0\u00bb][\/vc_column][\/vc_row]<\/p>\n<\/section>","protected":false},"excerpt":{"rendered":"<p>[vc_row css_animation=\u00a0\u00bb\u00a0\u00bb row_type=\u00a0\u00bbrow\u00a0\u00bb use_row_as_full_screen_section=\u00a0\u00bbno\u00a0\u00bb type=\u00a0\u00bbfull_width\u00a0\u00bb angled_section=\u00a0\u00bbno\u00a0\u00bb text_align=\u00a0\u00bbleft\u00a0\u00bb background_image_as_pattern=\u00a0\u00bbwithout_pattern\u00a0\u00bb][vc_column][vc_empty_space][\/vc_column][\/vc_row][vc_row css_animation=\u00a0\u00bb\u00a0\u00bb row_type=\u00a0\u00bbrow\u00a0\u00bb use_row_as_full_screen_section=\u00a0\u00bbno\u00a0\u00bb type=\u00a0\u00bbgrid\u00a0\u00bb angled_section=\u00a0\u00bbno\u00a0\u00bb text_align=\u00a0\u00bbleft\u00a0\u00bb background_image_as_pattern=\u00a0\u00bbwithout_pattern\u00a0\u00bb z_index=\u00a0\u00bb\u00a0\u00bb css=\u00a0\u00bb.vc_custom_1684953533950{margin-left: 0px !important;}\u00a0\u00bb][vc_column width=\u00a0\u00bb1\/4&Prime; css=\u00a0\u00bb.vc_custom_1684954301054{margin-right: 0px !important;margin-left: 0px !important;border-right-width: 40px !important;background-color: #94ced1 !important;}\u00a0\u00bb el_class=\u00a0\u00bbborderbox\u00a0\u00bb][vc_column_text] Infos pratiques [\/vc_column_text][vc_column_text]R\u00e9glement des \u00e9tudes\u00a0[\/vc_column_text][vc_separator type=\u00a0\u00bbnormal\u00a0\u00bb][vc_column_text]R\u00e8glement d&rsquo;ordre int\u00e9rieur[\/vc_column_text][vc_separator type=\u00a0\u00bbnormal\u00a0\u00bb][vc_column_text]Inscriptions[\/vc_column_text][vc_separator type=\u00a0\u00bbnormal\u00a0\u00bb][vc_column_text]Documents\u00a0[\/vc_column_text][vc_separator type=\u00a0\u00bbnormal\u00a0\u00bb][vc_column_text]Horaire\u00a0[\/vc_column_text][vc_separator type=\u00a0\u00bbnormal\u00a0\u00bb][vc_column_text]Assurance\u00a0[\/vc_column_text][vc_separator type=\u00a0\u00bbnormal\u00a0\u00bb][vc_column_text]Repas de midi\u00a0[\/vc_column_text][vc_separator&#8230;<\/p>\n","protected":false},"author":1,"featured_media":0,"parent":453,"menu_order":0,"comment_status":"closed","ping_status":"closed","template":"full_width.php","meta":{"inline_featured_image":false,"footnotes":""},"class_list":["post-772","page","type-page","status-publish","hentry"],"yoast_head":"<!-- This site is optimized with the Yoast SEO plugin v21.0 - https:\/\/yoast.com\/wordpress\/plugins\/seo\/ -->\n<title>Le formulaire suppl\u00e9ment - Institut Saint-Louis Bruxelles - Enseignement fondamental<\/title>\n<meta name=\"robots\" content=\"index, follow, max-snippet:-1, max-image-preview:large, max-video-preview:-1\" \/>\n<link rel=\"canonical\" href=\"https:\/\/www.saintlouis.be\/islfondamental\/info-pratiques\/le-formulaire-supplement\/\" \/>\n<meta property=\"og:locale\" content=\"fr_FR\" \/>\n<meta property=\"og:type\" content=\"article\" \/>\n<meta property=\"og:title\" content=\"Le formulaire suppl\u00e9ment - Institut Saint-Louis Bruxelles - Enseignement fondamental\" \/>\n<meta property=\"og:description\" content=\"[vc_row css_animation=\u00a0\u00bb\u00a0\u00bb row_type=\u00a0\u00bbrow\u00a0\u00bb use_row_as_full_screen_section=\u00a0\u00bbno\u00a0\u00bb type=\u00a0\u00bbfull_width\u00a0\u00bb angled_section=\u00a0\u00bbno\u00a0\u00bb text_align=\u00a0\u00bbleft\u00a0\u00bb background_image_as_pattern=\u00a0\u00bbwithout_pattern\u00a0\u00bb][vc_column][vc_empty_space][\/vc_column][\/vc_row][vc_row css_animation=\u00a0\u00bb\u00a0\u00bb row_type=\u00a0\u00bbrow\u00a0\u00bb use_row_as_full_screen_section=\u00a0\u00bbno\u00a0\u00bb type=\u00a0\u00bbgrid\u00a0\u00bb angled_section=\u00a0\u00bbno\u00a0\u00bb text_align=\u00a0\u00bbleft\u00a0\u00bb background_image_as_pattern=\u00a0\u00bbwithout_pattern\u00a0\u00bb z_index=\u00a0\u00bb\u00a0\u00bb css=\u00a0\u00bb.vc_custom_1684953533950{margin-left: 0px !important;}\u00a0\u00bb][vc_column width=\u00a0\u00bb1\/4&Prime; css=\u00a0\u00bb.vc_custom_1684954301054{margin-right: 0px !important;margin-left: 0px !important;border-right-width: 40px !important;background-color: #94ced1 !important;}\u00a0\u00bb el_class=\u00a0\u00bbborderbox\u00a0\u00bb][vc_column_text] Infos pratiques [\/vc_column_text][vc_column_text]R\u00e9glement des \u00e9tudes\u00a0[\/vc_column_text][vc_separator type=\u00a0\u00bbnormal\u00a0\u00bb][vc_column_text]R\u00e8glement d&rsquo;ordre int\u00e9rieur[\/vc_column_text][vc_separator type=\u00a0\u00bbnormal\u00a0\u00bb][vc_column_text]Inscriptions[\/vc_column_text][vc_separator type=\u00a0\u00bbnormal\u00a0\u00bb][vc_column_text]Documents\u00a0[\/vc_column_text][vc_separator type=\u00a0\u00bbnormal\u00a0\u00bb][vc_column_text]Horaire\u00a0[\/vc_column_text][vc_separator type=\u00a0\u00bbnormal\u00a0\u00bb][vc_column_text]Assurance\u00a0[\/vc_column_text][vc_separator type=\u00a0\u00bbnormal\u00a0\u00bb][vc_column_text]Repas de midi\u00a0[\/vc_column_text][vc_separator...\" \/>\n<meta property=\"og:url\" content=\"https:\/\/www.saintlouis.be\/islfondamental\/info-pratiques\/le-formulaire-supplement\/\" \/>\n<meta property=\"og:site_name\" content=\"Institut Saint-Louis Bruxelles - Enseignement fondamental\" \/>\n<meta property=\"article:modified_time\" content=\"2024-04-23T11:53:49+00:00\" \/>\n<meta name=\"twitter:card\" content=\"summary_large_image\" \/>\n<meta name=\"twitter:label1\" content=\"Dur\u00e9e de lecture estim\u00e9e\" \/>\n\t<meta name=\"twitter:data1\" content=\"3 minutes\" \/>\n<script type=\"application\/ld+json\" class=\"yoast-schema-graph\">{\"@context\":\"https:\/\/schema.org\",\"@graph\":[{\"@type\":\"WebPage\",\"@id\":\"https:\/\/www.saintlouis.be\/islfondamental\/info-pratiques\/le-formulaire-supplement\/\",\"url\":\"https:\/\/www.saintlouis.be\/islfondamental\/info-pratiques\/le-formulaire-supplement\/\",\"name\":\"Le formulaire suppl\u00e9ment - Institut Saint-Louis Bruxelles - Enseignement fondamental\",\"isPartOf\":{\"@id\":\"https:\/\/www.saintlouis.be\/islfondamental\/#website\"},\"datePublished\":\"2023-05-25T20:19:33+00:00\",\"dateModified\":\"2024-04-23T11:53:49+00:00\",\"breadcrumb\":{\"@id\":\"https:\/\/www.saintlouis.be\/islfondamental\/info-pratiques\/le-formulaire-supplement\/#breadcrumb\"},\"inLanguage\":\"fr-FR\",\"potentialAction\":[{\"@type\":\"ReadAction\",\"target\":[\"https:\/\/www.saintlouis.be\/islfondamental\/info-pratiques\/le-formulaire-supplement\/\"]}]},{\"@type\":\"BreadcrumbList\",\"@id\":\"https:\/\/www.saintlouis.be\/islfondamental\/info-pratiques\/le-formulaire-supplement\/#breadcrumb\",\"itemListElement\":[{\"@type\":\"ListItem\",\"position\":1,\"name\":\"Accueil\",\"item\":\"https:\/\/www.saintlouis.be\/islfondamental\/\"},{\"@type\":\"ListItem\",\"position\":2,\"name\":\"Infos pratiques\",\"item\":\"https:\/\/www.saintlouis.be\/islfondamental\/info-pratiques\/\"},{\"@type\":\"ListItem\",\"position\":3,\"name\":\"Le formulaire suppl\u00e9ment\"}]},{\"@type\":\"WebSite\",\"@id\":\"https:\/\/www.saintlouis.be\/islfondamental\/#website\",\"url\":\"https:\/\/www.saintlouis.be\/islfondamental\/\",\"name\":\"Institut Saint-Louis Bruxelles - Enseignement fondamental\",\"description\":\"\",\"publisher\":{\"@id\":\"https:\/\/www.saintlouis.be\/islfondamental\/#organization\"},\"potentialAction\":[{\"@type\":\"SearchAction\",\"target\":{\"@type\":\"EntryPoint\",\"urlTemplate\":\"https:\/\/www.saintlouis.be\/islfondamental\/?s={search_term_string}\"},\"query-input\":\"required name=search_term_string\"}],\"inLanguage\":\"fr-FR\"},{\"@type\":\"Organization\",\"@id\":\"https:\/\/www.saintlouis.be\/islfondamental\/#organization\",\"name\":\"Institut Saint-Louis\",\"url\":\"https:\/\/www.saintlouis.be\/islfondamental\/\",\"logo\":{\"@type\":\"ImageObject\",\"inLanguage\":\"fr-FR\",\"@id\":\"https:\/\/www.saintlouis.be\/islfondamental\/#\/schema\/logo\/image\/\",\"url\":\"https:\/\/www.saintlouis.be\/islfondamental\/wp-content\/uploads\/2023\/03\/Saint-Louis-Bruxelles-Logo.jpg\",\"contentUrl\":\"https:\/\/www.saintlouis.be\/islfondamental\/wp-content\/uploads\/2023\/03\/Saint-Louis-Bruxelles-Logo.jpg\",\"width\":900,\"height\":240,\"caption\":\"Institut Saint-Louis\"},\"image\":{\"@id\":\"https:\/\/www.saintlouis.be\/islfondamental\/#\/schema\/logo\/image\/\"}}]}<\/script>\n<!-- \/ Yoast SEO plugin. -->","yoast_head_json":{"title":"Le formulaire suppl\u00e9ment - Institut Saint-Louis Bruxelles - Enseignement fondamental","robots":{"index":"index","follow":"follow","max-snippet":"max-snippet:-1","max-image-preview":"max-image-preview:large","max-video-preview":"max-video-preview:-1"},"canonical":"https:\/\/www.saintlouis.be\/islfondamental\/info-pratiques\/le-formulaire-supplement\/","og_locale":"fr_FR","og_type":"article","og_title":"Le formulaire suppl\u00e9ment - Institut Saint-Louis Bruxelles - Enseignement fondamental","og_description":"[vc_row css_animation=\u00a0\u00bb\u00a0\u00bb row_type=\u00a0\u00bbrow\u00a0\u00bb use_row_as_full_screen_section=\u00a0\u00bbno\u00a0\u00bb type=\u00a0\u00bbfull_width\u00a0\u00bb angled_section=\u00a0\u00bbno\u00a0\u00bb text_align=\u00a0\u00bbleft\u00a0\u00bb background_image_as_pattern=\u00a0\u00bbwithout_pattern\u00a0\u00bb][vc_column][vc_empty_space][\/vc_column][\/vc_row][vc_row css_animation=\u00a0\u00bb\u00a0\u00bb row_type=\u00a0\u00bbrow\u00a0\u00bb use_row_as_full_screen_section=\u00a0\u00bbno\u00a0\u00bb type=\u00a0\u00bbgrid\u00a0\u00bb angled_section=\u00a0\u00bbno\u00a0\u00bb text_align=\u00a0\u00bbleft\u00a0\u00bb background_image_as_pattern=\u00a0\u00bbwithout_pattern\u00a0\u00bb z_index=\u00a0\u00bb\u00a0\u00bb css=\u00a0\u00bb.vc_custom_1684953533950{margin-left: 0px !important;}\u00a0\u00bb][vc_column width=\u00a0\u00bb1\/4&Prime; css=\u00a0\u00bb.vc_custom_1684954301054{margin-right: 0px !important;margin-left: 0px !important;border-right-width: 40px !important;background-color: #94ced1 !important;}\u00a0\u00bb el_class=\u00a0\u00bbborderbox\u00a0\u00bb][vc_column_text] Infos pratiques [\/vc_column_text][vc_column_text]R\u00e9glement des \u00e9tudes\u00a0[\/vc_column_text][vc_separator type=\u00a0\u00bbnormal\u00a0\u00bb][vc_column_text]R\u00e8glement d&rsquo;ordre int\u00e9rieur[\/vc_column_text][vc_separator type=\u00a0\u00bbnormal\u00a0\u00bb][vc_column_text]Inscriptions[\/vc_column_text][vc_separator type=\u00a0\u00bbnormal\u00a0\u00bb][vc_column_text]Documents\u00a0[\/vc_column_text][vc_separator type=\u00a0\u00bbnormal\u00a0\u00bb][vc_column_text]Horaire\u00a0[\/vc_column_text][vc_separator type=\u00a0\u00bbnormal\u00a0\u00bb][vc_column_text]Assurance\u00a0[\/vc_column_text][vc_separator type=\u00a0\u00bbnormal\u00a0\u00bb][vc_column_text]Repas de midi\u00a0[\/vc_column_text][vc_separator...","og_url":"https:\/\/www.saintlouis.be\/islfondamental\/info-pratiques\/le-formulaire-supplement\/","og_site_name":"Institut Saint-Louis Bruxelles - Enseignement fondamental","article_modified_time":"2024-04-23T11:53:49+00:00","twitter_card":"summary_large_image","twitter_misc":{"Dur\u00e9e de lecture estim\u00e9e":"3 minutes"},"schema":{"@context":"https:\/\/schema.org","@graph":[{"@type":"WebPage","@id":"https:\/\/www.saintlouis.be\/islfondamental\/info-pratiques\/le-formulaire-supplement\/","url":"https:\/\/www.saintlouis.be\/islfondamental\/info-pratiques\/le-formulaire-supplement\/","name":"Le formulaire suppl\u00e9ment - Institut Saint-Louis Bruxelles - Enseignement fondamental","isPartOf":{"@id":"https:\/\/www.saintlouis.be\/islfondamental\/#website"},"datePublished":"2023-05-25T20:19:33+00:00","dateModified":"2024-04-23T11:53:49+00:00","breadcrumb":{"@id":"https:\/\/www.saintlouis.be\/islfondamental\/info-pratiques\/le-formulaire-supplement\/#breadcrumb"},"inLanguage":"fr-FR","potentialAction":[{"@type":"ReadAction","target":["https:\/\/www.saintlouis.be\/islfondamental\/info-pratiques\/le-formulaire-supplement\/"]}]},{"@type":"BreadcrumbList","@id":"https:\/\/www.saintlouis.be\/islfondamental\/info-pratiques\/le-formulaire-supplement\/#breadcrumb","itemListElement":[{"@type":"ListItem","position":1,"name":"Accueil","item":"https:\/\/www.saintlouis.be\/islfondamental\/"},{"@type":"ListItem","position":2,"name":"Infos pratiques","item":"https:\/\/www.saintlouis.be\/islfondamental\/info-pratiques\/"},{"@type":"ListItem","position":3,"name":"Le formulaire suppl\u00e9ment"}]},{"@type":"WebSite","@id":"https:\/\/www.saintlouis.be\/islfondamental\/#website","url":"https:\/\/www.saintlouis.be\/islfondamental\/","name":"Institut Saint-Louis Bruxelles - Enseignement fondamental","description":"","publisher":{"@id":"https:\/\/www.saintlouis.be\/islfondamental\/#organization"},"potentialAction":[{"@type":"SearchAction","target":{"@type":"EntryPoint","urlTemplate":"https:\/\/www.saintlouis.be\/islfondamental\/?s={search_term_string}"},"query-input":"required name=search_term_string"}],"inLanguage":"fr-FR"},{"@type":"Organization","@id":"https:\/\/www.saintlouis.be\/islfondamental\/#organization","name":"Institut Saint-Louis","url":"https:\/\/www.saintlouis.be\/islfondamental\/","logo":{"@type":"ImageObject","inLanguage":"fr-FR","@id":"https:\/\/www.saintlouis.be\/islfondamental\/#\/schema\/logo\/image\/","url":"https:\/\/www.saintlouis.be\/islfondamental\/wp-content\/uploads\/2023\/03\/Saint-Louis-Bruxelles-Logo.jpg","contentUrl":"https:\/\/www.saintlouis.be\/islfondamental\/wp-content\/uploads\/2023\/03\/Saint-Louis-Bruxelles-Logo.jpg","width":900,"height":240,"caption":"Institut Saint-Louis"},"image":{"@id":"https:\/\/www.saintlouis.be\/islfondamental\/#\/schema\/logo\/image\/"}}]}},"_links":{"self":[{"href":"https:\/\/www.saintlouis.be\/islfondamental\/wp-json\/wp\/v2\/pages\/772","targetHints":{"allow":["GET"]}}],"collection":[{"href":"https:\/\/www.saintlouis.be\/islfondamental\/wp-json\/wp\/v2\/pages"}],"about":[{"href":"https:\/\/www.saintlouis.be\/islfondamental\/wp-json\/wp\/v2\/types\/page"}],"author":[{"embeddable":true,"href":"https:\/\/www.saintlouis.be\/islfondamental\/wp-json\/wp\/v2\/users\/1"}],"replies":[{"embeddable":true,"href":"https:\/\/www.saintlouis.be\/islfondamental\/wp-json\/wp\/v2\/comments?post=772"}],"version-history":[{"count":2,"href":"https:\/\/www.saintlouis.be\/islfondamental\/wp-json\/wp\/v2\/pages\/772\/revisions"}],"predecessor-version":[{"id":1270,"href":"https:\/\/www.saintlouis.be\/islfondamental\/wp-json\/wp\/v2\/pages\/772\/revisions\/1270"}],"up":[{"embeddable":true,"href":"https:\/\/www.saintlouis.be\/islfondamental\/wp-json\/wp\/v2\/pages\/453"}],"wp:attachment":[{"href":"https:\/\/www.saintlouis.be\/islfondamental\/wp-json\/wp\/v2\/media?parent=772"}],"curies":[{"name":"wp","href":"https:\/\/api.w.org\/{rel}","templated":true}]}}