{"id":698,"date":"2023-05-24T22:29:42","date_gmt":"2023-05-24T20:29:42","guid":{"rendered":"https:\/\/www.saintlouis.be\/islfondamental\/_dev\/?page_id=698"},"modified":"2023-08-24T15:08:37","modified_gmt":"2023-08-24T13:08:37","slug":"projet-detablissement","status":"publish","type":"page","link":"https:\/\/www.saintlouis.be\/islfondamental\/saint-louis-3-verviers\/projet-detablissement\/","title":{"rendered":"Projet d&rsquo;\u00e9tablissement"},"content":{"rendered":"<section class=\"wpb-content-wrapper\"><p>[vc_row css_animation=\u00a0\u00bb\u00a0\u00bb row_type=\u00a0\u00bbrow\u00a0\u00bb use_row_as_full_screen_section=\u00a0\u00bbno\u00a0\u00bb type=\u00a0\u00bbfull_width\u00a0\u00bb angled_section=\u00a0\u00bbno\u00a0\u00bb text_align=\u00a0\u00bbleft\u00a0\u00bb background_image_as_pattern=\u00a0\u00bbwithout_pattern\u00a0\u00bb][vc_column][vc_empty_space][\/vc_column][\/vc_row][vc_row css_animation=\u00a0\u00bb\u00a0\u00bb row_type=\u00a0\u00bbrow\u00a0\u00bb use_row_as_full_screen_section=\u00a0\u00bbno\u00a0\u00bb type=\u00a0\u00bbgrid\u00a0\u00bb angled_section=\u00a0\u00bbno\u00a0\u00bb text_align=\u00a0\u00bbleft\u00a0\u00bb background_image_as_pattern=\u00a0\u00bbwithout_pattern\u00a0\u00bb z_index=\u00a0\u00bb\u00a0\u00bb css=\u00a0\u00bb.vc_custom_1684953533950{margin-left: 0px !important;}\u00a0\u00bb][vc_column width=\u00a0\u00bb1\/4&Prime; css=\u00a0\u00bb.vc_custom_1684954301054{margin-right: 0px !important;margin-left: 0px !important;border-right-width: 40px !important;background-color: #94ced1 !important;}\u00a0\u00bb el_class=\u00a0\u00bbborderbox\u00a0\u00bb][vc_column_text]<\/p>\n<h4>Saint-Louis 3 &#8211; Verviers<\/h4>\n<p>[\/vc_column_text][vc_column_text]<a href=\"https:\/\/www.saintlouis.be\/islfondamental\/saint-louis-3-verviers\/\">A propos\u00a0<\/a>[\/vc_column_text][vc_separator type=\u00a0\u00bbnormal\u00a0\u00bb][vc_column_text]<a href=\"https:\/\/www.saintlouis.be\/islfondamental\/saint-louis-3-verviers\/projet-educatif\/\">Le projet \u00e9ducatif<\/a>[\/vc_column_text][vc_separator type=\u00a0\u00bbnormal\u00a0\u00bb][vc_column_text]<a href=\"https:\/\/www.saintlouis.be\/islfondamental\/saint-louis-3-verviers\/projet-pedagogique\/\">Le projet p\u00e9dagogique<\/a>[\/vc_column_text][vc_separator type=\u00a0\u00bbnormal\u00a0\u00bb][vc_column_text]<a href=\"https:\/\/www.saintlouis.be\/islfondamental\/saint-louis-3-verviers\/projet-detablissement\/\">Le projet d&rsquo;\u00e9tablissement<\/a>[\/vc_column_text][vc_separator type=\u00a0\u00bbnormal\u00a0\u00bb][vc_column_text]<a href=\"https:\/\/www.saintlouis.be\/islfondamental\/saint-louis-3-verviers\/acces\/\">Acc\u00e8s<\/a>[\/vc_column_text][vc_separator type=\u00a0\u00bbnormal\u00a0\u00bb][vc_column_text]<a href=\"https:\/\/www.saintlouis.be\/islfondamental\/saint-louis-3-verviers\/contact-et-inscription\/\">Contact et inscription<\/a>[\/vc_column_text][vc_separator type=\u00a0\u00bbnormal\u00a0\u00bb][vc_column_text]<a href=\"https:\/\/www.saintlouis.be\/islfondamental\/saint-louis-3-verviers\/equipe-pedagogique\/\">Equipe p\u00e9dagogique <\/a>[\/vc_column_text][vc_empty_space][\/vc_column][vc_column width=\u00a0\u00bb3\/4&Prime; css=\u00a0\u00bb.vc_custom_1684954607607{margin-right: 0px !important;margin-left: 0px !important;}\u00a0\u00bb el_class=\u00a0\u00bbbordercontent\u00a0\u00bb][vc_column_text]<\/p>\n<h2>Projet d&rsquo;\u00e9tablissement<\/h2>\n<p>[\/vc_column_text][vc_separator type=\u00a0\u00bbsmall\u00a0\u00bb position=\u00a0\u00bbleft\u00a0\u00bb color=\u00a0\u00bb#94ced1&Prime; thickness=\u00a0\u00bb5&Prime; width=\u00a0\u00bb40&Prime; up=\u00a0\u00bb10&Prime; down=\u00a0\u00bb30&Prime;][vc_column_text]FORMATION DES PERSONNES RESPONSABLES\u00a0:<\/p>\n<p>&nbsp;<\/p>\n<h3>Formation \u00e0 l&rsquo;esprit critique<\/h3>\n<ul>\n<li>Augmenter les sources d&rsquo;information et favoriser le recours \u00e0 celles-ci dans le but d&rsquo;une confrontation critique (cedoc, conf\u00e9rences-d\u00e9bats, cours, Internet&#8230;).<\/li>\n<li>Responsabiliser les \u00e9l\u00e8ves dans la gestion, l&rsquo;organisation d&rsquo;activit\u00e9s, les locaux, &#8230;<\/li>\n<li>Favoriser le travail par projet, ce qui suppose notamment la r\u00e9flexion par \u00e9quipe et le d\u00e9cloisonnement.<\/li>\n<li>Accompagner les \u00e9l\u00e8ves dans la construction d&rsquo;un projet personnel pour les amener au choix ad\u00e9quat d&rsquo;\u00e9tudes sup\u00e9rieures.<\/li>\n<li>D\u00e9velopper la participation des \u00e9l\u00e8ves (conseil d&rsquo;\u00e9l\u00e8ves, &#8230;)<\/li>\n<\/ul>\n<p>&nbsp;<\/p>\n<h3>Formation culturelle et humaniste<\/h3>\n<ul>\n<li>Encourager toutes d\u00e9marches favorisant l&rsquo;\u00e9veil des sensibilit\u00e9s au beau, \u00e0 l&rsquo;autre, au monde, au refus d&rsquo;a priori.<\/li>\n<li>Promouvoir la prise de conscience europ\u00e9enne.<\/li>\n<\/ul>\n<p>&nbsp;<\/p>\n<h3>Sensibilisation \u00e0 l&rsquo;int\u00e9riorit\u00e9<\/h3>\n<ul>\n<li>Dans l&rsquo;affirmation de notre identit\u00e9 chr\u00e9tienne, donner une priorit\u00e9 \u00e0 l&rsquo;int\u00e9riorit\u00e9 et favoriser le dialogue entre tous, croyants et non-croyants.<\/li>\n<\/ul>\n<p>&nbsp;<\/p>\n<h3>Formation au d\u00e9veloppement durable \u2013 probl\u00e8me environnementaux \u2013 qualit\u00e9 de la vie<\/h3>\n<ul>\n<li>Sensibiliser \u00e0 la gestion solidaire des r\u00e8gles de vie connues de tous.<\/li>\n<li>Sensibiliser au respect quotidien du milieu de vie, \u00e0 l&rsquo;utilisation judicieuse des ressources et \u00e0 la gestion des d\u00e9chets.<\/li>\n<li>Donner un contenu au temps \u00ab\u00a0perdu\u00a0\u00bb (animation&#8230;).<\/li>\n<li>Education \u00e0 la sant\u00e9 (alimentation, sommeil, hygi\u00e8ne de vie, &#8230;).<\/li>\n<\/ul>\n<p>&nbsp;<\/p>\n<h3>D\u00e9veloppement d&rsquo;une autonomie dans la construction de savoirs et l&rsquo;acquisition de comp\u00e9tences<\/h3>\n<ul>\n<li>Susciter chez les parents la prise de relais dans cette construction en les sensibilisant \u00e0 leur r\u00f4le essentiel de partenaire de l&rsquo;\u00e9cole (r\u00e9ciprocit\u00e9 de la communication, suivi de nos conseils, des r\u00e9sultats, participation \u00e0 la vie de l&rsquo;\u00e9cole, &#8230;).<\/li>\n<\/ul>\n<p>[\/vc_column_text][\/vc_column][\/vc_row][vc_row css_animation=\u00a0\u00bb\u00a0\u00bb row_type=\u00a0\u00bbrow\u00a0\u00bb use_row_as_full_screen_section=\u00a0\u00bbno\u00a0\u00bb type=\u00a0\u00bbfull_width\u00a0\u00bb angled_section=\u00a0\u00bbno\u00a0\u00bb text_align=\u00a0\u00bbleft\u00a0\u00bb background_image_as_pattern=\u00a0\u00bbwithout_pattern\u00a0\u00bb][vc_column][vc_empty_space height=\u00a0\u00bb82px\u00a0\u00bb][\/vc_column][\/vc_row]<\/p>\n<\/section>","protected":false},"excerpt":{"rendered":"<p>[vc_row css_animation=\u00a0\u00bb\u00a0\u00bb row_type=\u00a0\u00bbrow\u00a0\u00bb use_row_as_full_screen_section=\u00a0\u00bbno\u00a0\u00bb type=\u00a0\u00bbfull_width\u00a0\u00bb angled_section=\u00a0\u00bbno\u00a0\u00bb text_align=\u00a0\u00bbleft\u00a0\u00bb background_image_as_pattern=\u00a0\u00bbwithout_pattern\u00a0\u00bb][vc_column][vc_empty_space][\/vc_column][\/vc_row][vc_row css_animation=\u00a0\u00bb\u00a0\u00bb row_type=\u00a0\u00bbrow\u00a0\u00bb use_row_as_full_screen_section=\u00a0\u00bbno\u00a0\u00bb type=\u00a0\u00bbgrid\u00a0\u00bb angled_section=\u00a0\u00bbno\u00a0\u00bb text_align=\u00a0\u00bbleft\u00a0\u00bb background_image_as_pattern=\u00a0\u00bbwithout_pattern\u00a0\u00bb z_index=\u00a0\u00bb\u00a0\u00bb css=\u00a0\u00bb.vc_custom_1684953533950{margin-left: 0px !important;}\u00a0\u00bb][vc_column width=\u00a0\u00bb1\/4&Prime; css=\u00a0\u00bb.vc_custom_1684954301054{margin-right: 0px !important;margin-left: 0px !important;border-right-width: 40px !important;background-color: #94ced1 !important;}\u00a0\u00bb el_class=\u00a0\u00bbborderbox\u00a0\u00bb][vc_column_text] Saint-Louis 3 &#8211; Verviers [\/vc_column_text][vc_column_text]A propos\u00a0[\/vc_column_text][vc_separator type=\u00a0\u00bbnormal\u00a0\u00bb][vc_column_text]Le projet \u00e9ducatif[\/vc_column_text][vc_separator type=\u00a0\u00bbnormal\u00a0\u00bb][vc_column_text]Le projet p\u00e9dagogique[\/vc_column_text][vc_separator type=\u00a0\u00bbnormal\u00a0\u00bb][vc_column_text]Le projet d&rsquo;\u00e9tablissement[\/vc_column_text][vc_separator&#8230;<\/p>\n","protected":false},"author":1,"featured_media":0,"parent":451,"menu_order":0,"comment_status":"closed","ping_status":"closed","template":"full_width.php","meta":{"inline_featured_image":false,"footnotes":""},"class_list":["post-698","page","type-page","status-publish","hentry"],"yoast_head":"<!-- This site is optimized with the Yoast SEO plugin v21.0 - https:\/\/yoast.com\/wordpress\/plugins\/seo\/ -->\n<title>Projet d&#039;\u00e9tablissement - Institut Saint-Louis Bruxelles - Enseignement fondamental<\/title>\n<meta name=\"description\" content=\"Formation culturelle - humaniste - \u00e0 l&#039;esprit critique - au d\u00e9veloppement durable - aux probl\u00e8mes environnementaux - \u00e0 la qualit\u00e9 de vie.Sensibilisation \u00e0 l&#039;int\u00e9riorit\u00e9.D\u00e9veloppement d&#039;une autonomie dans la construction de savoirs et l&#039;acquisition de comp\u00e9tences.\" \/>\n<meta name=\"robots\" content=\"index, follow, max-snippet:-1, max-image-preview:large, max-video-preview:-1\" \/>\n<link rel=\"canonical\" href=\"https:\/\/www.saintlouis.be\/islfondamental\/saint-louis-3-verviers\/projet-detablissement\/\" \/>\n<meta property=\"og:locale\" content=\"fr_FR\" \/>\n<meta property=\"og:type\" content=\"article\" \/>\n<meta property=\"og:title\" content=\"Projet d&#039;\u00e9tablissement - Institut Saint-Louis Bruxelles - Enseignement fondamental\" \/>\n<meta property=\"og:description\" content=\"Formation culturelle - humaniste - \u00e0 l&#039;esprit critique - au d\u00e9veloppement durable - aux probl\u00e8mes environnementaux - \u00e0 la qualit\u00e9 de vie.Sensibilisation \u00e0 l&#039;int\u00e9riorit\u00e9.D\u00e9veloppement d&#039;une autonomie dans la construction de savoirs et l&#039;acquisition de comp\u00e9tences.\" \/>\n<meta property=\"og:url\" content=\"https:\/\/www.saintlouis.be\/islfondamental\/saint-louis-3-verviers\/projet-detablissement\/\" \/>\n<meta property=\"og:site_name\" content=\"Institut Saint-Louis Bruxelles - Enseignement fondamental\" \/>\n<meta property=\"article:modified_time\" content=\"2023-08-24T13:08:37+00:00\" \/>\n<meta name=\"twitter:card\" content=\"summary_large_image\" \/>\n<meta name=\"twitter:label1\" content=\"Dur\u00e9e de lecture estim\u00e9e\" \/>\n\t<meta name=\"twitter:data1\" content=\"2 minutes\" \/>\n<script type=\"application\/ld+json\" class=\"yoast-schema-graph\">{\"@context\":\"https:\/\/schema.org\",\"@graph\":[{\"@type\":\"WebPage\",\"@id\":\"https:\/\/www.saintlouis.be\/islfondamental\/saint-louis-3-verviers\/projet-detablissement\/\",\"url\":\"https:\/\/www.saintlouis.be\/islfondamental\/saint-louis-3-verviers\/projet-detablissement\/\",\"name\":\"Projet d'\u00e9tablissement - Institut Saint-Louis Bruxelles - Enseignement fondamental\",\"isPartOf\":{\"@id\":\"https:\/\/www.saintlouis.be\/islfondamental\/#website\"},\"datePublished\":\"2023-05-24T20:29:42+00:00\",\"dateModified\":\"2023-08-24T13:08:37+00:00\",\"description\":\"Formation culturelle - humaniste - \u00e0 l'esprit critique - au d\u00e9veloppement durable - aux probl\u00e8mes environnementaux - \u00e0 la qualit\u00e9 de vie.Sensibilisation \u00e0 l'int\u00e9riorit\u00e9.D\u00e9veloppement d'une autonomie dans la construction de savoirs et l'acquisition de comp\u00e9tences.\",\"breadcrumb\":{\"@id\":\"https:\/\/www.saintlouis.be\/islfondamental\/saint-louis-3-verviers\/projet-detablissement\/#breadcrumb\"},\"inLanguage\":\"fr-FR\",\"potentialAction\":[{\"@type\":\"ReadAction\",\"target\":[\"https:\/\/www.saintlouis.be\/islfondamental\/saint-louis-3-verviers\/projet-detablissement\/\"]}]},{\"@type\":\"BreadcrumbList\",\"@id\":\"https:\/\/www.saintlouis.be\/islfondamental\/saint-louis-3-verviers\/projet-detablissement\/#breadcrumb\",\"itemListElement\":[{\"@type\":\"ListItem\",\"position\":1,\"name\":\"Accueil\",\"item\":\"https:\/\/www.saintlouis.be\/islfondamental\/\"},{\"@type\":\"ListItem\",\"position\":2,\"name\":\"Saint-Louis 3 Verviers\",\"item\":\"https:\/\/www.saintlouis.be\/islfondamental\/saint-louis-3-verviers\/\"},{\"@type\":\"ListItem\",\"position\":3,\"name\":\"Projet d&rsquo;\u00e9tablissement\"}]},{\"@type\":\"WebSite\",\"@id\":\"https:\/\/www.saintlouis.be\/islfondamental\/#website\",\"url\":\"https:\/\/www.saintlouis.be\/islfondamental\/\",\"name\":\"Institut Saint-Louis Bruxelles - Enseignement fondamental\",\"description\":\"\",\"publisher\":{\"@id\":\"https:\/\/www.saintlouis.be\/islfondamental\/#organization\"},\"potentialAction\":[{\"@type\":\"SearchAction\",\"target\":{\"@type\":\"EntryPoint\",\"urlTemplate\":\"https:\/\/www.saintlouis.be\/islfondamental\/?s={search_term_string}\"},\"query-input\":\"required name=search_term_string\"}],\"inLanguage\":\"fr-FR\"},{\"@type\":\"Organization\",\"@id\":\"https:\/\/www.saintlouis.be\/islfondamental\/#organization\",\"name\":\"Institut Saint-Louis\",\"url\":\"https:\/\/www.saintlouis.be\/islfondamental\/\",\"logo\":{\"@type\":\"ImageObject\",\"inLanguage\":\"fr-FR\",\"@id\":\"https:\/\/www.saintlouis.be\/islfondamental\/#\/schema\/logo\/image\/\",\"url\":\"https:\/\/www.saintlouis.be\/islfondamental\/wp-content\/uploads\/2023\/03\/Saint-Louis-Bruxelles-Logo.jpg\",\"contentUrl\":\"https:\/\/www.saintlouis.be\/islfondamental\/wp-content\/uploads\/2023\/03\/Saint-Louis-Bruxelles-Logo.jpg\",\"width\":900,\"height\":240,\"caption\":\"Institut Saint-Louis\"},\"image\":{\"@id\":\"https:\/\/www.saintlouis.be\/islfondamental\/#\/schema\/logo\/image\/\"}}]}<\/script>\n<!-- \/ Yoast SEO plugin. -->","yoast_head_json":{"title":"Projet d'\u00e9tablissement - Institut Saint-Louis Bruxelles - Enseignement fondamental","description":"Formation culturelle - humaniste - \u00e0 l'esprit critique - au d\u00e9veloppement durable - aux probl\u00e8mes environnementaux - \u00e0 la qualit\u00e9 de vie.Sensibilisation \u00e0 l'int\u00e9riorit\u00e9.D\u00e9veloppement d'une autonomie dans la construction de savoirs et l'acquisition de comp\u00e9tences.","robots":{"index":"index","follow":"follow","max-snippet":"max-snippet:-1","max-image-preview":"max-image-preview:large","max-video-preview":"max-video-preview:-1"},"canonical":"https:\/\/www.saintlouis.be\/islfondamental\/saint-louis-3-verviers\/projet-detablissement\/","og_locale":"fr_FR","og_type":"article","og_title":"Projet d'\u00e9tablissement - Institut Saint-Louis Bruxelles - Enseignement fondamental","og_description":"Formation culturelle - humaniste - \u00e0 l'esprit critique - au d\u00e9veloppement durable - aux probl\u00e8mes environnementaux - \u00e0 la qualit\u00e9 de vie.Sensibilisation \u00e0 l'int\u00e9riorit\u00e9.D\u00e9veloppement d'une autonomie dans la construction de savoirs et l'acquisition de comp\u00e9tences.","og_url":"https:\/\/www.saintlouis.be\/islfondamental\/saint-louis-3-verviers\/projet-detablissement\/","og_site_name":"Institut Saint-Louis Bruxelles - Enseignement fondamental","article_modified_time":"2023-08-24T13:08:37+00:00","twitter_card":"summary_large_image","twitter_misc":{"Dur\u00e9e de lecture estim\u00e9e":"2 minutes"},"schema":{"@context":"https:\/\/schema.org","@graph":[{"@type":"WebPage","@id":"https:\/\/www.saintlouis.be\/islfondamental\/saint-louis-3-verviers\/projet-detablissement\/","url":"https:\/\/www.saintlouis.be\/islfondamental\/saint-louis-3-verviers\/projet-detablissement\/","name":"Projet d'\u00e9tablissement - Institut Saint-Louis Bruxelles - Enseignement fondamental","isPartOf":{"@id":"https:\/\/www.saintlouis.be\/islfondamental\/#website"},"datePublished":"2023-05-24T20:29:42+00:00","dateModified":"2023-08-24T13:08:37+00:00","description":"Formation culturelle - humaniste - \u00e0 l'esprit critique - au d\u00e9veloppement durable - aux probl\u00e8mes environnementaux - \u00e0 la qualit\u00e9 de vie.Sensibilisation \u00e0 l'int\u00e9riorit\u00e9.D\u00e9veloppement d'une autonomie dans la construction de savoirs et l'acquisition de comp\u00e9tences.","breadcrumb":{"@id":"https:\/\/www.saintlouis.be\/islfondamental\/saint-louis-3-verviers\/projet-detablissement\/#breadcrumb"},"inLanguage":"fr-FR","potentialAction":[{"@type":"ReadAction","target":["https:\/\/www.saintlouis.be\/islfondamental\/saint-louis-3-verviers\/projet-detablissement\/"]}]},{"@type":"BreadcrumbList","@id":"https:\/\/www.saintlouis.be\/islfondamental\/saint-louis-3-verviers\/projet-detablissement\/#breadcrumb","itemListElement":[{"@type":"ListItem","position":1,"name":"Accueil","item":"https:\/\/www.saintlouis.be\/islfondamental\/"},{"@type":"ListItem","position":2,"name":"Saint-Louis 3 Verviers","item":"https:\/\/www.saintlouis.be\/islfondamental\/saint-louis-3-verviers\/"},{"@type":"ListItem","position":3,"name":"Projet d&rsquo;\u00e9tablissement"}]},{"@type":"WebSite","@id":"https:\/\/www.saintlouis.be\/islfondamental\/#website","url":"https:\/\/www.saintlouis.be\/islfondamental\/","name":"Institut Saint-Louis Bruxelles - Enseignement fondamental","description":"","publisher":{"@id":"https:\/\/www.saintlouis.be\/islfondamental\/#organization"},"potentialAction":[{"@type":"SearchAction","target":{"@type":"EntryPoint","urlTemplate":"https:\/\/www.saintlouis.be\/islfondamental\/?s={search_term_string}"},"query-input":"required name=search_term_string"}],"inLanguage":"fr-FR"},{"@type":"Organization","@id":"https:\/\/www.saintlouis.be\/islfondamental\/#organization","name":"Institut Saint-Louis","url":"https:\/\/www.saintlouis.be\/islfondamental\/","logo":{"@type":"ImageObject","inLanguage":"fr-FR","@id":"https:\/\/www.saintlouis.be\/islfondamental\/#\/schema\/logo\/image\/","url":"https:\/\/www.saintlouis.be\/islfondamental\/wp-content\/uploads\/2023\/03\/Saint-Louis-Bruxelles-Logo.jpg","contentUrl":"https:\/\/www.saintlouis.be\/islfondamental\/wp-content\/uploads\/2023\/03\/Saint-Louis-Bruxelles-Logo.jpg","width":900,"height":240,"caption":"Institut Saint-Louis"},"image":{"@id":"https:\/\/www.saintlouis.be\/islfondamental\/#\/schema\/logo\/image\/"}}]}},"_links":{"self":[{"href":"https:\/\/www.saintlouis.be\/islfondamental\/wp-json\/wp\/v2\/pages\/698","targetHints":{"allow":["GET"]}}],"collection":[{"href":"https:\/\/www.saintlouis.be\/islfondamental\/wp-json\/wp\/v2\/pages"}],"about":[{"href":"https:\/\/www.saintlouis.be\/islfondamental\/wp-json\/wp\/v2\/types\/page"}],"author":[{"embeddable":true,"href":"https:\/\/www.saintlouis.be\/islfondamental\/wp-json\/wp\/v2\/users\/1"}],"replies":[{"embeddable":true,"href":"https:\/\/www.saintlouis.be\/islfondamental\/wp-json\/wp\/v2\/comments?post=698"}],"version-history":[{"count":2,"href":"https:\/\/www.saintlouis.be\/islfondamental\/wp-json\/wp\/v2\/pages\/698\/revisions"}],"predecessor-version":[{"id":710,"href":"https:\/\/www.saintlouis.be\/islfondamental\/wp-json\/wp\/v2\/pages\/698\/revisions\/710"}],"up":[{"embeddable":true,"href":"https:\/\/www.saintlouis.be\/islfondamental\/wp-json\/wp\/v2\/pages\/451"}],"wp:attachment":[{"href":"https:\/\/www.saintlouis.be\/islfondamental\/wp-json\/wp\/v2\/media?parent=698"}],"curies":[{"name":"wp","href":"https:\/\/api.w.org\/{rel}","templated":true}]}}