{"id":484,"date":"2023-03-22T22:34:33","date_gmt":"2023-03-22T21:34:33","guid":{"rendered":"https:\/\/www.saintlouis.be\/islfondamental\/_dev\/?page_id=484"},"modified":"2023-08-24T15:06:52","modified_gmt":"2023-08-24T13:06:52","slug":"projet-educatif","status":"publish","type":"page","link":"https:\/\/www.saintlouis.be\/islfondamental\/saint-louis-1-marais\/projet-educatif\/","title":{"rendered":"Projet \u00e9ducatif"},"content":{"rendered":"<section class=\"wpb-content-wrapper\"><p>[vc_row css_animation=\u00a0\u00bb\u00a0\u00bb row_type=\u00a0\u00bbrow\u00a0\u00bb use_row_as_full_screen_section=\u00a0\u00bbno\u00a0\u00bb type=\u00a0\u00bbfull_width\u00a0\u00bb angled_section=\u00a0\u00bbno\u00a0\u00bb text_align=\u00a0\u00bbleft\u00a0\u00bb background_image_as_pattern=\u00a0\u00bbwithout_pattern\u00a0\u00bb][vc_column][vc_empty_space][\/vc_column][\/vc_row][vc_row css_animation=\u00a0\u00bb\u00a0\u00bb row_type=\u00a0\u00bbrow\u00a0\u00bb use_row_as_full_screen_section=\u00a0\u00bbno\u00a0\u00bb type=\u00a0\u00bbgrid\u00a0\u00bb angled_section=\u00a0\u00bbno\u00a0\u00bb text_align=\u00a0\u00bbleft\u00a0\u00bb background_image_as_pattern=\u00a0\u00bbwithout_pattern\u00a0\u00bb z_index=\u00a0\u00bb\u00a0\u00bb css=\u00a0\u00bb.vc_custom_1684953533950{margin-left: 0px !important;}\u00a0\u00bb][vc_column width=\u00a0\u00bb1\/4&Prime; css=\u00a0\u00bb.vc_custom_1684954301054{margin-right: 0px !important;margin-left: 0px !important;border-right-width: 40px !important;background-color: #94ced1 !important;}\u00a0\u00bb el_class=\u00a0\u00bbborderbox\u00a0\u00bb][vc_column_text]<\/p>\n<h4>Saint-Louis 1 &#8211; Marais<\/h4>\n<p>[\/vc_column_text][vc_column_text]<a href=\"https:\/\/www.saintlouis.be\/islfondamental\/saint-louis-1-marais\/\">A propos\u00a0<\/a>[\/vc_column_text][vc_separator type=\u00a0\u00bbnormal\u00a0\u00bb][vc_column_text]<a href=\"https:\/\/www.saintlouis.be\/islfondamental\/saint-louis-1-marais\/projet-educatif\/\">Le projet \u00e9ducatif<\/a>[\/vc_column_text][vc_separator type=\u00a0\u00bbnormal\u00a0\u00bb][vc_column_text]<a href=\"https:\/\/www.saintlouis.be\/islfondamental\/saint-louis-1-marais\/projet-pedagogique\/\">Le projet p\u00e9dagogique<\/a>[\/vc_column_text][vc_separator type=\u00a0\u00bbnormal\u00a0\u00bb][vc_column_text]<a href=\"https:\/\/www.saintlouis.be\/islfondamental\/saint-louis-1-marais\/projet-detablissement\/\">Le projet d&rsquo;\u00e9tablissement<\/a>[\/vc_column_text][vc_separator type=\u00a0\u00bbnormal\u00a0\u00bb][vc_column_text]<a href=\"https:\/\/www.saintlouis.be\/islfondamental\/saint-louis-1-marais\/acces\/\">Acc\u00e8s<\/a>[\/vc_column_text][vc_separator type=\u00a0\u00bbnormal\u00a0\u00bb][vc_column_text]<a href=\"https:\/\/www.saintlouis.be\/islfondamental\/saint-louis-1-marais\/contact-et-inscription\/\">Contact et inscription<\/a>[\/vc_column_text][vc_separator type=\u00a0\u00bbnormal\u00a0\u00bb][vc_column_text]<a href=\"https:\/\/www.saintlouis.be\/islfondamental\/saint-louis-1-marais\/equipe-pedagogique\/\">Equipe p\u00e9dagogique <\/a>[\/vc_column_text][vc_empty_space][\/vc_column][vc_column width=\u00a0\u00bb3\/4&Prime; css=\u00a0\u00bb.vc_custom_1684954607607{margin-right: 0px !important;margin-left: 0px !important;}\u00a0\u00bb el_class=\u00a0\u00bbbordercontent\u00a0\u00bb][vc_column_text]<\/p>\n<h2>Le projet \u00e9ducatif<\/h2>\n<p>[\/vc_column_text][vc_separator type=\u00a0\u00bbsmall\u00a0\u00bb position=\u00a0\u00bbleft\u00a0\u00bb color=\u00a0\u00bb#94ced1&Prime; thickness=\u00a0\u00bb5&Prime; width=\u00a0\u00bb40&Prime; up=\u00a0\u00bb10&Prime; down=\u00a0\u00bb30&Prime;][vc_column_text]<\/p>\n<h3>A. L\u2019INSTITUT SAINT-LOUIS<\/h3>\n<p>Depuis d\u00e9j\u00e0 plus de 160 ans, au coeur de la ville, au coeur de la vie&#8230;<br \/>\nL&rsquo;Institut Saint-Louis fut fond\u00e9 en 1858 en vue d&rsquo;accueillir les \u00e9l\u00e8ves issus du nouveau quartier L\u00e9opold.<br \/>\nAu fil des ann\u00e9es se d\u00e9velopp\u00e8rent, parall\u00e8lement aux Humanit\u00e9s, un Institut Sup\u00e9rieur de<br \/>\nCommerce et des Facult\u00e9s Universitaires qui devinrent autonomes dans les ann\u00e9es 1960.<\/p>\n<p>L&rsquo;Institut Saint-Louis compte actuellement trois \u00e9coles fondamentales, une \u00e9cole primaire et un \u00e9tablissement secondaire g\u00e9n\u00e9ral : les Humanit\u00e9s.<br \/>\nCelles-ci pr\u00e9parent aux \u00e9tudes sup\u00e9rieures.<br \/>\nUne 7\u00e8me ann\u00e9e ou section Math\u00e9matique Sp\u00e9ciale pr\u00e9pare les \u00e9l\u00e8ves aux examens d&rsquo;entr\u00e9e \u00e0 l&rsquo;universit\u00e9.<\/p>\n<p>L&rsquo;Institut Saint-Louis fait partie des coll\u00e8ges archi\u00e9piscopaux de l&rsquo;Archev\u00each\u00e9 de Malines-Bruxelles.<br \/>\nLe Pouvoir Organisateur entend continuer la tradition spirituelle et p\u00e9dagogique de ses fondateurs \u00e0 l&rsquo;heure o\u00f9 l&rsquo;\u00e9ducation suppose plus que jamais une formation au sens, aux valeurs et \u00e0 la citoyennet\u00e9 europ\u00e9enne.<br \/>\nPar son histoire et son existence, il participe, dans un r\u00e9gime de libert\u00e9 d&rsquo;enseignement aux responsabilit\u00e9s d&rsquo;un service scolaire offert \u00e0 la soci\u00e9t\u00e9.<br \/>\nAujourd&rsquo;hui, les sourires d&rsquo;\u00e9l\u00e8ves provenant de Belgique mais aussi de nombreux pays diff\u00e9rents \u00e9clairent le b\u00e9ton de notre v\u00e9n\u00e9rable Institut.<\/p>\n<p>D\u00e8s l&rsquo;origine, nos communaut\u00e9s \u00e9ducatives se sont affirm\u00e9es comme \u00e9tant d&rsquo;appartenance catholique par r\u00e9f\u00e9rence \u00e0 la vie et \u00e0 l&rsquo; enseignement de J\u00e9sus-Christ.<br \/>\nL&rsquo;Institut Saint-Louis est l&rsquo;h\u00e9ritier de cette attitude responsable et ne peut s&rsquo;y d\u00e9rober.<br \/>\nL&rsquo;humanisme chr\u00e9tien dont il se revendique l&rsquo;am\u00e8ne tout autant \u00e0 reconna\u00eetre, dans un esprit de tol\u00e9rance la pluralit\u00e9 des convictions et des cultures au sein de la soci\u00e9t\u00e9.<\/p>\n<h3>B. NOS OBJECTIFS EDUCATIFS<\/h3>\n<p>Nous voulons accueillir l&rsquo;enfant tel qu&rsquo;il est \u00e9duqu\u00e9 d\u00e9j\u00e0 dans sa famille ; les parents sont en effet les premiers responsables de l&rsquo;\u00e9ducation de leur enfant.<br \/>\nL&rsquo;Institut consid\u00e8re l&rsquo;\u00e9l\u00e8ve dans sa singularit\u00e9, il l&rsquo;aide \u00e0 acc\u00e9der \u00e0 l&rsquo;autonomie et \u00e0 l&rsquo;exercice responsable de la libert\u00e9.<br \/>\nIl accorde un soutien privil\u00e9gi\u00e9 \u00e0 ceux qui en ont le plus besoin.<\/p>\n<p>L&rsquo;oeuvre d&rsquo;\u00e9ducation est une t\u00e2che commune \u00e0 tous ceux qui interviennent dans la vie de la communaut\u00e9 scolaire : \u00e0 la direction, au personnel enseignant et d&rsquo;\u00e9ducation, aux parents, aux \u00e9l\u00e8ves eux-m\u00eames, aux diff\u00e9rentes instances de la soci\u00e9t\u00e9.<br \/>\nAu del\u00e0 des particularismes in\u00e9vitables et somme toutes enrichissants, cela suppose que chaque partenaire concoure, selon ses responsabilit\u00e9s et comp\u00e9tences, au m\u00eame but.<br \/>\nUne volont\u00e9 de communication, de concertation et de transparence entre les diff\u00e9rents acteurs garantit la confiance indispensable au d\u00e9veloppement harmonieux de la personnalit\u00e9.<\/p>\n<p>&nbsp;<\/p>\n<h3>C. NOS VALEURS CLEF<\/h3>\n<p>Pour atteindre ces objectifs, quatre valeurs apparaissent comme des valeurs clefs de toute \u00e9ducation \u00e0 la vie \u00e9vang\u00e9lique comme \u00e0 la citoyennet\u00e9.<br \/>\nCi-dessous, nous les \u00e9non\u00e7ons comme gages de bonheur pour l&rsquo;humanit\u00e9 future, proche ou lointaine.<\/p>\n<ol>\n<li>L&rsquo;\u00e9ducation \u00e0 la vie qui vise l&rsquo;\u00e9panouissement de toute personne humaine et qui englobe les perspectives spirituelles, intellectuelles, \u00e9motionnelles, corporelles, culturelles&#8230;<\/li>\n<li>L&rsquo;\u00e9ducation \u00e0 la libert\u00e9 estim\u00e9e comme un bien supr\u00eame et qui se traduit entre autres par l&rsquo;acquisition progressive de l&rsquo;autonomie, par la reconnaissance de la responsabilit\u00e9 personnelle en attitudes, actes et paroles, par l&rsquo;exclusion des abus&#8230;<\/li>\n<li>L&rsquo;\u00e9ducation \u00e0 la paix qui vise entre autres l&rsquo;apprentissage de la convivialit\u00e9, de la sociabilit\u00e9, de l&rsquo;antiviolence, de la reconnaissance des diff\u00e9rences, du pardon et de la r\u00e9conciliation&#8230;<\/li>\n<li>L&rsquo;\u00e9ducation \u00e0 l&rsquo;\u00e9quit\u00e9 qui porte entre autres sur l&rsquo;int\u00e9grit\u00e9, la justice, la recherche de la v\u00e9rit\u00e9, la conformit\u00e9 aux r\u00e8gles de la morale chr\u00e9tienne&#8230;<\/li>\n<\/ol>\n<p>&nbsp;<\/p>\n<h3>D. POUR RESUMER ET CONCLURE<\/h3>\n<p>Saint-Louis est un lieu d&rsquo;enseignement, d&rsquo;\u00e9ducation aux valeurs \u00e9vang\u00e9liques, humanistes et d\u00e9mocratiques.<br \/>\nIl est un lieu o\u00f9 se propose la foi chr\u00e9tienne, o\u00f9 celle-ci doit pouvoir trouver de quoi se nourrir et se d\u00e9velopper.<br \/>\nCe faisant, il se veut accueillant \u00e0 tout jeune m\u00eame en recherche mais \u00e0 tout le moins respectueux du pr\u00e9sent projet.<br \/>\nR\u00e9guli\u00e8rement, un retour au projet \u00e9ducatif doit \u00eatre pr\u00e9vu.<br \/>\nLa source principale de r\u00e9f\u00e9rence demeure \u00ab mission de l&rsquo;\u00e9cole chr\u00e9tienne \u00bb.[\/vc_column_text][\/vc_column][\/vc_row][vc_row css_animation=\u00a0\u00bb\u00a0\u00bb row_type=\u00a0\u00bbrow\u00a0\u00bb use_row_as_full_screen_section=\u00a0\u00bbno\u00a0\u00bb type=\u00a0\u00bbfull_width\u00a0\u00bb angled_section=\u00a0\u00bbno\u00a0\u00bb text_align=\u00a0\u00bbleft\u00a0\u00bb background_image_as_pattern=\u00a0\u00bbwithout_pattern\u00a0\u00bb][vc_column][vc_empty_space height=\u00a0\u00bb82px\u00a0\u00bb][\/vc_column][\/vc_row]<\/p>\n<\/section>","protected":false},"excerpt":{"rendered":"<p>[vc_row css_animation=\u00a0\u00bb\u00a0\u00bb row_type=\u00a0\u00bbrow\u00a0\u00bb use_row_as_full_screen_section=\u00a0\u00bbno\u00a0\u00bb type=\u00a0\u00bbfull_width\u00a0\u00bb angled_section=\u00a0\u00bbno\u00a0\u00bb text_align=\u00a0\u00bbleft\u00a0\u00bb background_image_as_pattern=\u00a0\u00bbwithout_pattern\u00a0\u00bb][vc_column][vc_empty_space][\/vc_column][\/vc_row][vc_row css_animation=\u00a0\u00bb\u00a0\u00bb row_type=\u00a0\u00bbrow\u00a0\u00bb use_row_as_full_screen_section=\u00a0\u00bbno\u00a0\u00bb type=\u00a0\u00bbgrid\u00a0\u00bb angled_section=\u00a0\u00bbno\u00a0\u00bb text_align=\u00a0\u00bbleft\u00a0\u00bb background_image_as_pattern=\u00a0\u00bbwithout_pattern\u00a0\u00bb z_index=\u00a0\u00bb\u00a0\u00bb css=\u00a0\u00bb.vc_custom_1684953533950{margin-left: 0px !important;}\u00a0\u00bb][vc_column width=\u00a0\u00bb1\/4&Prime; css=\u00a0\u00bb.vc_custom_1684954301054{margin-right: 0px !important;margin-left: 0px !important;border-right-width: 40px !important;background-color: #94ced1 !important;}\u00a0\u00bb el_class=\u00a0\u00bbborderbox\u00a0\u00bb][vc_column_text] Saint-Louis 1 &#8211; Marais [\/vc_column_text][vc_column_text]A propos\u00a0[\/vc_column_text][vc_separator type=\u00a0\u00bbnormal\u00a0\u00bb][vc_column_text]Le projet \u00e9ducatif[\/vc_column_text][vc_separator type=\u00a0\u00bbnormal\u00a0\u00bb][vc_column_text]Le projet p\u00e9dagogique[\/vc_column_text][vc_separator type=\u00a0\u00bbnormal\u00a0\u00bb][vc_column_text]Le projet d&rsquo;\u00e9tablissement[\/vc_column_text][vc_separator&#8230;<\/p>\n","protected":false},"author":1,"featured_media":0,"parent":446,"menu_order":0,"comment_status":"closed","ping_status":"closed","template":"full_width.php","meta":{"inline_featured_image":false,"footnotes":""},"class_list":["post-484","page","type-page","status-publish","hentry"],"yoast_head":"<!-- This site is optimized with the Yoast SEO plugin v21.0 - https:\/\/yoast.com\/wordpress\/plugins\/seo\/ -->\n<title>Projet \u00e9ducatif - Institut Saint-Louis Bruxelles - Enseignement fondamental<\/title>\n<meta name=\"description\" content=\"Lieu d&#039;enseignement et d&#039;\u00e9ducation aux valeurs humanistes - d\u00e9mocratiques et chr\u00e9tiennes, il se veut accueillant aux familles de toutes origines et de toutes confessions, dans le respect de notre projet.\" \/>\n<meta name=\"robots\" content=\"index, follow, max-snippet:-1, max-image-preview:large, max-video-preview:-1\" \/>\n<link rel=\"canonical\" href=\"https:\/\/www.saintlouis.be\/islfondamental\/saint-louis-1-marais\/projet-educatif\/\" \/>\n<meta property=\"og:locale\" content=\"fr_FR\" \/>\n<meta property=\"og:type\" content=\"article\" \/>\n<meta property=\"og:title\" content=\"Projet \u00e9ducatif - Institut Saint-Louis Bruxelles - Enseignement fondamental\" \/>\n<meta property=\"og:description\" content=\"Lieu d&#039;enseignement et d&#039;\u00e9ducation aux valeurs humanistes - d\u00e9mocratiques et chr\u00e9tiennes, il se veut accueillant aux familles de toutes origines et de toutes confessions, dans le respect de notre projet.\" \/>\n<meta property=\"og:url\" content=\"https:\/\/www.saintlouis.be\/islfondamental\/saint-louis-1-marais\/projet-educatif\/\" \/>\n<meta property=\"og:site_name\" content=\"Institut Saint-Louis Bruxelles - Enseignement fondamental\" \/>\n<meta property=\"article:modified_time\" content=\"2023-08-24T13:06:52+00:00\" \/>\n<meta name=\"twitter:card\" content=\"summary_large_image\" \/>\n<meta name=\"twitter:label1\" content=\"Dur\u00e9e de lecture estim\u00e9e\" \/>\n\t<meta name=\"twitter:data1\" content=\"4 minutes\" \/>\n<script type=\"application\/ld+json\" class=\"yoast-schema-graph\">{\"@context\":\"https:\/\/schema.org\",\"@graph\":[{\"@type\":\"WebPage\",\"@id\":\"https:\/\/www.saintlouis.be\/islfondamental\/saint-louis-1-marais\/projet-educatif\/\",\"url\":\"https:\/\/www.saintlouis.be\/islfondamental\/saint-louis-1-marais\/projet-educatif\/\",\"name\":\"Projet \u00e9ducatif - Institut Saint-Louis Bruxelles - Enseignement fondamental\",\"isPartOf\":{\"@id\":\"https:\/\/www.saintlouis.be\/islfondamental\/#website\"},\"datePublished\":\"2023-03-22T21:34:33+00:00\",\"dateModified\":\"2023-08-24T13:06:52+00:00\",\"description\":\"Lieu d'enseignement et d'\u00e9ducation aux valeurs humanistes - d\u00e9mocratiques et chr\u00e9tiennes, il se veut accueillant aux familles de toutes origines et de toutes confessions, dans le respect de notre projet.\",\"breadcrumb\":{\"@id\":\"https:\/\/www.saintlouis.be\/islfondamental\/saint-louis-1-marais\/projet-educatif\/#breadcrumb\"},\"inLanguage\":\"fr-FR\",\"potentialAction\":[{\"@type\":\"ReadAction\",\"target\":[\"https:\/\/www.saintlouis.be\/islfondamental\/saint-louis-1-marais\/projet-educatif\/\"]}]},{\"@type\":\"BreadcrumbList\",\"@id\":\"https:\/\/www.saintlouis.be\/islfondamental\/saint-louis-1-marais\/projet-educatif\/#breadcrumb\",\"itemListElement\":[{\"@type\":\"ListItem\",\"position\":1,\"name\":\"Accueil\",\"item\":\"https:\/\/www.saintlouis.be\/islfondamental\/\"},{\"@type\":\"ListItem\",\"position\":2,\"name\":\"Saint-Louis 1 &#8211; Marais\",\"item\":\"https:\/\/www.saintlouis.be\/islfondamental\/saint-louis-1-marais\/\"},{\"@type\":\"ListItem\",\"position\":3,\"name\":\"Projet \u00e9ducatif\"}]},{\"@type\":\"WebSite\",\"@id\":\"https:\/\/www.saintlouis.be\/islfondamental\/#website\",\"url\":\"https:\/\/www.saintlouis.be\/islfondamental\/\",\"name\":\"Institut Saint-Louis Bruxelles - Enseignement fondamental\",\"description\":\"\",\"publisher\":{\"@id\":\"https:\/\/www.saintlouis.be\/islfondamental\/#organization\"},\"potentialAction\":[{\"@type\":\"SearchAction\",\"target\":{\"@type\":\"EntryPoint\",\"urlTemplate\":\"https:\/\/www.saintlouis.be\/islfondamental\/?s={search_term_string}\"},\"query-input\":\"required name=search_term_string\"}],\"inLanguage\":\"fr-FR\"},{\"@type\":\"Organization\",\"@id\":\"https:\/\/www.saintlouis.be\/islfondamental\/#organization\",\"name\":\"Institut Saint-Louis\",\"url\":\"https:\/\/www.saintlouis.be\/islfondamental\/\",\"logo\":{\"@type\":\"ImageObject\",\"inLanguage\":\"fr-FR\",\"@id\":\"https:\/\/www.saintlouis.be\/islfondamental\/#\/schema\/logo\/image\/\",\"url\":\"https:\/\/www.saintlouis.be\/islfondamental\/wp-content\/uploads\/2023\/03\/Saint-Louis-Bruxelles-Logo.jpg\",\"contentUrl\":\"https:\/\/www.saintlouis.be\/islfondamental\/wp-content\/uploads\/2023\/03\/Saint-Louis-Bruxelles-Logo.jpg\",\"width\":900,\"height\":240,\"caption\":\"Institut Saint-Louis\"},\"image\":{\"@id\":\"https:\/\/www.saintlouis.be\/islfondamental\/#\/schema\/logo\/image\/\"}}]}<\/script>\n<!-- \/ Yoast SEO plugin. -->","yoast_head_json":{"title":"Projet \u00e9ducatif - Institut Saint-Louis Bruxelles - Enseignement fondamental","description":"Lieu d'enseignement et d'\u00e9ducation aux valeurs humanistes - d\u00e9mocratiques et chr\u00e9tiennes, il se veut accueillant aux familles de toutes origines et de toutes confessions, dans le respect de notre projet.","robots":{"index":"index","follow":"follow","max-snippet":"max-snippet:-1","max-image-preview":"max-image-preview:large","max-video-preview":"max-video-preview:-1"},"canonical":"https:\/\/www.saintlouis.be\/islfondamental\/saint-louis-1-marais\/projet-educatif\/","og_locale":"fr_FR","og_type":"article","og_title":"Projet \u00e9ducatif - Institut Saint-Louis Bruxelles - Enseignement fondamental","og_description":"Lieu d'enseignement et d'\u00e9ducation aux valeurs humanistes - d\u00e9mocratiques et chr\u00e9tiennes, il se veut accueillant aux familles de toutes origines et de toutes confessions, dans le respect de notre projet.","og_url":"https:\/\/www.saintlouis.be\/islfondamental\/saint-louis-1-marais\/projet-educatif\/","og_site_name":"Institut Saint-Louis Bruxelles - Enseignement fondamental","article_modified_time":"2023-08-24T13:06:52+00:00","twitter_card":"summary_large_image","twitter_misc":{"Dur\u00e9e de lecture estim\u00e9e":"4 minutes"},"schema":{"@context":"https:\/\/schema.org","@graph":[{"@type":"WebPage","@id":"https:\/\/www.saintlouis.be\/islfondamental\/saint-louis-1-marais\/projet-educatif\/","url":"https:\/\/www.saintlouis.be\/islfondamental\/saint-louis-1-marais\/projet-educatif\/","name":"Projet \u00e9ducatif - Institut Saint-Louis Bruxelles - Enseignement fondamental","isPartOf":{"@id":"https:\/\/www.saintlouis.be\/islfondamental\/#website"},"datePublished":"2023-03-22T21:34:33+00:00","dateModified":"2023-08-24T13:06:52+00:00","description":"Lieu d'enseignement et d'\u00e9ducation aux valeurs humanistes - d\u00e9mocratiques et chr\u00e9tiennes, il se veut accueillant aux familles de toutes origines et de toutes confessions, dans le respect de notre projet.","breadcrumb":{"@id":"https:\/\/www.saintlouis.be\/islfondamental\/saint-louis-1-marais\/projet-educatif\/#breadcrumb"},"inLanguage":"fr-FR","potentialAction":[{"@type":"ReadAction","target":["https:\/\/www.saintlouis.be\/islfondamental\/saint-louis-1-marais\/projet-educatif\/"]}]},{"@type":"BreadcrumbList","@id":"https:\/\/www.saintlouis.be\/islfondamental\/saint-louis-1-marais\/projet-educatif\/#breadcrumb","itemListElement":[{"@type":"ListItem","position":1,"name":"Accueil","item":"https:\/\/www.saintlouis.be\/islfondamental\/"},{"@type":"ListItem","position":2,"name":"Saint-Louis 1 &#8211; Marais","item":"https:\/\/www.saintlouis.be\/islfondamental\/saint-louis-1-marais\/"},{"@type":"ListItem","position":3,"name":"Projet \u00e9ducatif"}]},{"@type":"WebSite","@id":"https:\/\/www.saintlouis.be\/islfondamental\/#website","url":"https:\/\/www.saintlouis.be\/islfondamental\/","name":"Institut Saint-Louis Bruxelles - Enseignement fondamental","description":"","publisher":{"@id":"https:\/\/www.saintlouis.be\/islfondamental\/#organization"},"potentialAction":[{"@type":"SearchAction","target":{"@type":"EntryPoint","urlTemplate":"https:\/\/www.saintlouis.be\/islfondamental\/?s={search_term_string}"},"query-input":"required name=search_term_string"}],"inLanguage":"fr-FR"},{"@type":"Organization","@id":"https:\/\/www.saintlouis.be\/islfondamental\/#organization","name":"Institut Saint-Louis","url":"https:\/\/www.saintlouis.be\/islfondamental\/","logo":{"@type":"ImageObject","inLanguage":"fr-FR","@id":"https:\/\/www.saintlouis.be\/islfondamental\/#\/schema\/logo\/image\/","url":"https:\/\/www.saintlouis.be\/islfondamental\/wp-content\/uploads\/2023\/03\/Saint-Louis-Bruxelles-Logo.jpg","contentUrl":"https:\/\/www.saintlouis.be\/islfondamental\/wp-content\/uploads\/2023\/03\/Saint-Louis-Bruxelles-Logo.jpg","width":900,"height":240,"caption":"Institut Saint-Louis"},"image":{"@id":"https:\/\/www.saintlouis.be\/islfondamental\/#\/schema\/logo\/image\/"}}]}},"_links":{"self":[{"href":"https:\/\/www.saintlouis.be\/islfondamental\/wp-json\/wp\/v2\/pages\/484","targetHints":{"allow":["GET"]}}],"collection":[{"href":"https:\/\/www.saintlouis.be\/islfondamental\/wp-json\/wp\/v2\/pages"}],"about":[{"href":"https:\/\/www.saintlouis.be\/islfondamental\/wp-json\/wp\/v2\/types\/page"}],"author":[{"embeddable":true,"href":"https:\/\/www.saintlouis.be\/islfondamental\/wp-json\/wp\/v2\/users\/1"}],"replies":[{"embeddable":true,"href":"https:\/\/www.saintlouis.be\/islfondamental\/wp-json\/wp\/v2\/comments?post=484"}],"version-history":[{"count":9,"href":"https:\/\/www.saintlouis.be\/islfondamental\/wp-json\/wp\/v2\/pages\/484\/revisions"}],"predecessor-version":[{"id":641,"href":"https:\/\/www.saintlouis.be\/islfondamental\/wp-json\/wp\/v2\/pages\/484\/revisions\/641"}],"up":[{"embeddable":true,"href":"https:\/\/www.saintlouis.be\/islfondamental\/wp-json\/wp\/v2\/pages\/446"}],"wp:attachment":[{"href":"https:\/\/www.saintlouis.be\/islfondamental\/wp-json\/wp\/v2\/media?parent=484"}],"curies":[{"name":"wp","href":"https:\/\/api.w.org\/{rel}","templated":true}]}}