{"id":456,"date":"2023-03-22T21:28:25","date_gmt":"2023-03-22T20:28:25","guid":{"rendered":"https:\/\/www.saintlouis.be\/islfondamental\/_dev\/?page_id=456"},"modified":"2024-04-23T13:16:35","modified_gmt":"2024-04-23T11:16:35","slug":"reglement-general-des-etudes","status":"publish","type":"page","link":"https:\/\/www.saintlouis.be\/islfondamental\/reglement-general-des-etudes\/","title":{"rendered":"R\u00e8glement des \u00e9tudes"},"content":{"rendered":"<section class=\"wpb-content-wrapper\"><p>[vc_row css_animation=\u00a0\u00bb\u00a0\u00bb row_type=\u00a0\u00bbrow\u00a0\u00bb use_row_as_full_screen_section=\u00a0\u00bbno\u00a0\u00bb type=\u00a0\u00bbfull_width\u00a0\u00bb angled_section=\u00a0\u00bbno\u00a0\u00bb text_align=\u00a0\u00bbleft\u00a0\u00bb background_image_as_pattern=\u00a0\u00bbwithout_pattern\u00a0\u00bb][vc_column][vc_empty_space height=\u00a0\u00bb82px\u00a0\u00bb][\/vc_column][\/vc_row][vc_row css_animation=\u00a0\u00bb\u00a0\u00bb row_type=\u00a0\u00bbrow\u00a0\u00bb use_row_as_full_screen_section=\u00a0\u00bbno\u00a0\u00bb type=\u00a0\u00bbgrid\u00a0\u00bb angled_section=\u00a0\u00bbno\u00a0\u00bb text_align=\u00a0\u00bbleft\u00a0\u00bb background_image_as_pattern=\u00a0\u00bbwithout_pattern\u00a0\u00bb z_index=\u00a0\u00bb\u00a0\u00bb css=\u00a0\u00bb.vc_custom_1684953533950{margin-left: 0px !important;}\u00a0\u00bb][vc_column width=\u00a0\u00bb1\/4&Prime; css=\u00a0\u00bb.vc_custom_1684954301054{margin-right: 0px !important;margin-left: 0px !important;border-right-width: 40px !important;background-color: #94ced1 !important;}\u00a0\u00bb el_class=\u00a0\u00bbborderbox\u00a0\u00bb][vc_column_text]<\/p>\n<h4>Infos pratiques<\/h4>\n<p>[\/vc_column_text][vc_column_text]<a href=\"https:\/\/www.saintlouis.be\/islfondamental\/reglement-general-des-etudes\/\">R\u00e9glement des \u00e9tudes\u00a0<\/a>[\/vc_column_text][vc_separator type=\u00a0\u00bbnormal\u00a0\u00bb][vc_column_text]<a href=\"https:\/\/www.saintlouis.be\/islfondamental\/info-pratiques\/reglement-dordre-interieur\/\">R\u00e8glement d&rsquo;ordre int\u00e9rieur<\/a>[\/vc_column_text][vc_separator type=\u00a0\u00bbnormal\u00a0\u00bb][vc_column_text]<a href=\"https:\/\/www.saintlouis.be\/islfondamental\/info-pratiques\/inscription\">Inscriptions<\/a>[\/vc_column_text][vc_separator type=\u00a0\u00bbnormal\u00a0\u00bb][vc_column_text]<a href=\"https:\/\/www.saintlouis.be\/islfondamental\/info-pratiques\/documents\/\">Documents\u00a0<\/a>[\/vc_column_text][vc_separator type=\u00a0\u00bbnormal\u00a0\u00bb][vc_column_text]<a href=\"https:\/\/www.saintlouis.be\/islfondamental\/info-pratiques\/horaire\/\">Horaire\u00a0<\/a>[\/vc_column_text][vc_separator type=\u00a0\u00bbnormal\u00a0\u00bb][vc_column_text]<a href=\"https:\/\/www.saintlouis.be\/islfondamental\/info-pratiques\/assurance\/\">Assurance\u00a0<\/a>[\/vc_column_text][vc_separator type=\u00a0\u00bbnormal\u00a0\u00bb][vc_column_text]<a href=\"https:\/\/www.saintlouis.be\/islfondamental\/info-pratiques\/repas-de-midi\/\">Repas de midi\u00a0<\/a>[\/vc_column_text][vc_separator type=\u00a0\u00bbnormal\u00a0\u00bb][vc_column_text]<a href=\"https:\/\/www.saintlouis.be\/islfondamental\/info-pratiques\/etudes\">Etudes<\/a>[\/vc_column_text][vc_separator type=\u00a0\u00bbnormal\u00a0\u00bb][vc_column_text]<a href=\"https:\/\/www.saintlouis.be\/islfondamental\/info-pratiques\/garderies\">Garderies<\/a>[\/vc_column_text][vc_separator type=\u00a0\u00bbnormal\u00a0\u00bb][vc_column_text]<a href=\"https:\/\/www.saintlouis.be\/islfondamental\/info-pratiques\/garderies\">Le formulaire suppl\u00e9ment <\/a>[\/vc_column_text][vc_separator type=\u00a0\u00bbnormal\u00a0\u00bb][vc_column_text]<a href=\"https:\/\/www.saintlouis.be\/islfondamental\/info-pratiques\/divers\">Divers<\/a>[\/vc_column_text][vc_separator type=\u00a0\u00bbnormal\u00a0\u00bb][vc_empty_space][\/vc_column][vc_column width=\u00a0\u00bb3\/4&Prime; css=\u00a0\u00bb.vc_custom_1684954607607{margin-right: 0px !important;margin-left: 0px !important;}\u00a0\u00bb el_class=\u00a0\u00bbbordercontent\u00a0\u00bb][vc_column_text]<\/p>\n<h2>R\u00e8glement des \u00e9tudes<\/h2>\n<p>[\/vc_column_text][vc_separator type=\u00a0\u00bbsmall\u00a0\u00bb position=\u00a0\u00bbleft\u00a0\u00bb color=\u00a0\u00bb#94ced1&Prime; thickness=\u00a0\u00bb5&Prime; width=\u00a0\u00bb40&Prime; up=\u00a0\u00bb10&Prime; down=\u00a0\u00bb30&Prime;][vc_column_text]<\/p>\n<h3>1) A l\u2019\u00e9cole maternelle<\/h3>\n<p>La fr\u00e9quentation de l\u2019\u00e9cole maternelle n\u2019est pas obligatoire en Belgique (sauf pour les enfants ayant 5 ans accomplis au plus tard le 31 d\u00e9cembre de l&rsquo;ann\u00e9e scolaire en cours qui seront eux en obligation scolaire).<br \/>\nN\u00e9anmoins, il nous para\u00eet primordial d\u2019insister sur l\u2019importance de la pr\u00e9sence de chaque enfant tous les jours \u00e0 l&rsquo;\u00e9cole.<br \/>\nEn effet, la quantit\u00e9 des apprentissages abord\u00e9s est \u00e9norme et c\u2019est un gage de r\u00e9ussite pour l\u2019avenir que de ma\u00eetriser correctement et pleinement ceux-ci.<\/p>\n<p>D\u2019autre part l\u2019\u00e9valuation du \u00ab travail \u00bb de l\u2019enfant n\u2019a pas pour fonction de dire qui peut et qui ne peut pas monter de classe ; elle a pour but de faire appara\u00eetre les aspects positifs et n\u00e9gatifs des apprentissages et les lacunes \u00e9ventuelles qui en d\u00e9coulent afin de pouvoir rem\u00e9dier \u00e0 ces derni\u00e8res et permettre ainsi la poursuite de ces m\u00eames apprentissages.<\/p>\n<p>A cette fin, nous conseillons aux parents de r\u00e9guli\u00e8rement contacter les enseignants de leurs enfants, c\u2019est au sein de ces \u00e9changes que se trouvent les clefs pour le meilleur suivi et la r\u00e9ussite des enfants.<\/p>\n<h3>2) A l\u2019\u00e9cole primaire<\/h3>\n<p>Comme \u00e0 l\u2019\u00e9cole maternelle, l\u2019\u00e9valuation du travail n\u2019a pas pour fonction de dire qui peut et qui ne peut pas monter de classe ; elle a pour but de faire appara\u00eetre les aspects positifs et n\u00e9gatifs du travail de l\u2019enfant afin de pouvoir rem\u00e9dier \u00e0 ces derniers et permettre ainsi la poursuite de l\u2019apprentissage sans devoir redoubler.<\/p>\n<p>Nous tenons \u00e9galement \u00e0 pr\u00e9ciser les conditions indispensables qui seront exig\u00e9es en fin d\u2019ann\u00e9e scolaire pour le passage de classe :<\/p>\n<p>De la premi\u00e8re \u00e0 la cinqui\u00e8me ann\u00e9e : il faut au minimum pour l\u2019ensemble de l\u2019ann\u00e9e :<br \/>\n60% en fran\u00e7ais<br \/>\n60% en math\u00e9matique<br \/>\n60% au total<\/p>\n<p>En premi\u00e8re ann\u00e9e : le travail se fait en cycle et en \u00e9quipe, l\u2019\u00e9valuation est formative et le passage en deuxi\u00e8me garanti sauf cas exceptionnel o\u00f9 l\u2019enfant peut \u00eatre amen\u00e9 \u00e0 suivre une ann\u00e9e compl\u00e9mentaire.<\/p>\n<p>En troisi\u00e8me, quatri\u00e8me et cinqui\u00e8me ann\u00e9es : le travail se fait en cycle et en \u00e9quipe, l\u2019\u00e9valuation est formative et le passage dans la classe sup\u00e9rieure garanti sauf cas exceptionnel o\u00f9 l\u2019enfant peut \u00eatre amen\u00e9 \u00e0 suivre une ann\u00e9e compl\u00e9mentaire.<\/p>\n<p>En sixi\u00e8me ann\u00e9e : il faut au minimum pour l\u2019\u00e9valuation certificative externe :<br \/>\n50% en fran\u00e7ais<br \/>\n50% en math\u00e9matique<br \/>\n50% en \u00e9veil<\/p>\n<p>Ces pourcentages sont consid\u00e9r\u00e9s comme un minimum pour suivre avec fruit dans la classe sup\u00e9rieure.<\/p>\n<p>Si l\u2019\u00e9l\u00e8ve satisfait \u00e0 chacune des 3 conditions, le passage de classe est garanti, le redoublement exclu.<\/p>\n<p>Si l\u2019\u00e9l\u00e8ve ne satisfait pas \u00e0 l\u2019une ou \u00e0 plusieurs de ces conditions, le conseil de classe doit d\u00e9lib\u00e9rer de l\u2019opportunit\u00e9 de lui faire suivre une ann\u00e9e compl\u00e9mentaire ou non.<br \/>\nLa r\u00e8gle est qu\u2019un \u00e9l\u00e8ve doit suivre une ann\u00e9e compl\u00e9mentaire s\u2019il a d\u00e9j\u00e0 \u00e9t\u00e9 autoris\u00e9 l\u2019ann\u00e9e pr\u00e9c\u00e9dente \u00e0 monter de classe avec une cote insuffisante ou s\u2019il n\u2019a pas progress\u00e9 dans une branche pour laquelle il avait b\u00e9n\u00e9fici\u00e9 l\u2019ann\u00e9e pr\u00e9c\u00e9dente, d\u2019une \u00ab largesse \u00bb. Dans ce dernier cas, on peut d\u00e9cider la non-r\u00e9inscription plut\u00f4t que le redoublement.<\/p>\n<p>Hors ces deux cas, voici les principaux crit\u00e8res qui guident un conseil de classe qui doit d\u00e9cider du redoublement ou du passage de classe :<br \/>\n\u2013 L\u2019\u00e9l\u00e8ve peut-il raisonnablement r\u00e9ussir l\u2019an prochain, malgr\u00e9 son(ses) \u00e9chec(s) actuel(s) ?<br \/>\n\u2013 L\u2019\u00e9l\u00e8ve a-t-il montr\u00e9 ant\u00e9rieurement qu\u2019il \u00e9tait capable de r\u00e9cup\u00e9rer ou de progresser ?<br \/>\n\u2013 Dans les branches r\u00e9ussies, quelles sont les cotes obtenues ?<br \/>\n\u2013 L\u2019un des \u00e9checs est-il d\u00fb \u00e0 une mauvaise volont\u00e9 tenace, mauvaise volont\u00e9 explicitement regrett\u00e9e aupr\u00e8s de l\u2019\u00e9l\u00e8ve et de ses parents, via une lettre se r\u00e9f\u00e9rant \u00e0 ce paragraphe ?<\/p>\n<p>Saint-Louis ne peut tol\u00e9rer qu\u2019un \u00e9l\u00e8ve n\u00e9glige syst\u00e9matiquement une mati\u00e8re.<\/p>\n<p>Les \u00e9valuations sont remises aux parents trois ou quatre fois l\u2019an \u2013 en fin de chaque p\u00e9riode \u2013 via le dossier scolaire de leur enfant suivant l&rsquo;agenda remis en d\u00e9but d&rsquo;ann\u00e9e.<\/p>\n<p>Le dossier scolaire sera sign\u00e9 par les parents et remis <strong>sans d\u00e9lai<\/strong> au professeur.<\/p>\n<p>Le journal de classe sera consult\u00e9 et sign\u00e9 de pr\u00e9f\u00e9rence <strong>tous les jours<\/strong> mais au moins <strong>toutes les semaines<\/strong> par les parents.<\/p>\n<p>Les parents seront invit\u00e9s \u00e0 rencontrer le professeur lors d\u2019une r\u00e9union collective de pr\u00e9sentation au mois de septembre et de fa\u00e7on individuelle en cas de besoin apr\u00e8s chaque bulletin. En cas de n\u00e9cessit\u00e9, si les r\u00e9sultats scolaires l\u2019exigent, le professeur pourra inviter les parents \u00e0 venir le rencontrer dans les meilleurs d\u00e9lais pour rem\u00e9dier et trouver ensemble une solution aux difficult\u00e9s de l\u2019\u00e9l\u00e8ve. Il va de soi que les parents peuvent eux-m\u00eames \u00eatre \u00e0 l\u2019initiative d\u2019une telle rencontre.[\/vc_column_text][\/vc_column][\/vc_row][vc_row css_animation=\u00a0\u00bb\u00a0\u00bb row_type=\u00a0\u00bbrow\u00a0\u00bb use_row_as_full_screen_section=\u00a0\u00bbno\u00a0\u00bb type=\u00a0\u00bbfull_width\u00a0\u00bb angled_section=\u00a0\u00bbno\u00a0\u00bb text_align=\u00a0\u00bbleft\u00a0\u00bb background_image_as_pattern=\u00a0\u00bbwithout_pattern\u00a0\u00bb][vc_column][vc_empty_space height=\u00a0\u00bb82px\u00a0\u00bb][\/vc_column][\/vc_row]<\/p>\n<\/section>","protected":false},"excerpt":{"rendered":"<p>[vc_row css_animation=\u00a0\u00bb\u00a0\u00bb row_type=\u00a0\u00bbrow\u00a0\u00bb use_row_as_full_screen_section=\u00a0\u00bbno\u00a0\u00bb type=\u00a0\u00bbfull_width\u00a0\u00bb angled_section=\u00a0\u00bbno\u00a0\u00bb text_align=\u00a0\u00bbleft\u00a0\u00bb background_image_as_pattern=\u00a0\u00bbwithout_pattern\u00a0\u00bb][vc_column][vc_empty_space height=\u00a0\u00bb82px\u00a0\u00bb][\/vc_column][\/vc_row][vc_row css_animation=\u00a0\u00bb\u00a0\u00bb row_type=\u00a0\u00bbrow\u00a0\u00bb use_row_as_full_screen_section=\u00a0\u00bbno\u00a0\u00bb type=\u00a0\u00bbgrid\u00a0\u00bb angled_section=\u00a0\u00bbno\u00a0\u00bb text_align=\u00a0\u00bbleft\u00a0\u00bb background_image_as_pattern=\u00a0\u00bbwithout_pattern\u00a0\u00bb z_index=\u00a0\u00bb\u00a0\u00bb css=\u00a0\u00bb.vc_custom_1684953533950{margin-left: 0px !important;}\u00a0\u00bb][vc_column width=\u00a0\u00bb1\/4&Prime; css=\u00a0\u00bb.vc_custom_1684954301054{margin-right: 0px !important;margin-left: 0px !important;border-right-width: 40px !important;background-color: #94ced1 !important;}\u00a0\u00bb el_class=\u00a0\u00bbborderbox\u00a0\u00bb][vc_column_text] Infos pratiques [\/vc_column_text][vc_column_text]R\u00e9glement des \u00e9tudes\u00a0[\/vc_column_text][vc_separator type=\u00a0\u00bbnormal\u00a0\u00bb][vc_column_text]R\u00e8glement d&rsquo;ordre int\u00e9rieur[\/vc_column_text][vc_separator type=\u00a0\u00bbnormal\u00a0\u00bb][vc_column_text]Inscriptions[\/vc_column_text][vc_separator type=\u00a0\u00bbnormal\u00a0\u00bb][vc_column_text]Documents\u00a0[\/vc_column_text][vc_separator type=\u00a0\u00bbnormal\u00a0\u00bb][vc_column_text]Horaire\u00a0[\/vc_column_text][vc_separator type=\u00a0\u00bbnormal\u00a0\u00bb][vc_column_text]Assurance\u00a0[\/vc_column_text][vc_separator type=\u00a0\u00bbnormal\u00a0\u00bb][vc_column_text]Repas de&#8230;<\/p>\n","protected":false},"author":1,"featured_media":0,"parent":0,"menu_order":0,"comment_status":"closed","ping_status":"closed","template":"full_width.php","meta":{"inline_featured_image":false,"footnotes":""},"class_list":["post-456","page","type-page","status-publish","hentry"],"yoast_head":"<!-- This site is optimized with the Yoast SEO plugin v21.0 - https:\/\/yoast.com\/wordpress\/plugins\/seo\/ -->\n<title>R\u00e8glement des \u00e9tudes - Institut Saint-Louis Bruxelles - Enseignement fondamental<\/title>\n<meta name=\"robots\" content=\"index, follow, max-snippet:-1, max-image-preview:large, max-video-preview:-1\" \/>\n<link rel=\"canonical\" href=\"https:\/\/www.saintlouis.be\/islfondamental\/reglement-general-des-etudes\/\" \/>\n<meta property=\"og:locale\" content=\"fr_FR\" \/>\n<meta property=\"og:type\" content=\"article\" \/>\n<meta property=\"og:title\" content=\"R\u00e8glement des \u00e9tudes - Institut Saint-Louis Bruxelles - Enseignement fondamental\" \/>\n<meta property=\"og:description\" content=\"[vc_row css_animation=\u00a0\u00bb\u00a0\u00bb row_type=\u00a0\u00bbrow\u00a0\u00bb use_row_as_full_screen_section=\u00a0\u00bbno\u00a0\u00bb type=\u00a0\u00bbfull_width\u00a0\u00bb angled_section=\u00a0\u00bbno\u00a0\u00bb text_align=\u00a0\u00bbleft\u00a0\u00bb background_image_as_pattern=\u00a0\u00bbwithout_pattern\u00a0\u00bb][vc_column][vc_empty_space height=\u00a0\u00bb82px\u00a0\u00bb][\/vc_column][\/vc_row][vc_row css_animation=\u00a0\u00bb\u00a0\u00bb row_type=\u00a0\u00bbrow\u00a0\u00bb use_row_as_full_screen_section=\u00a0\u00bbno\u00a0\u00bb type=\u00a0\u00bbgrid\u00a0\u00bb angled_section=\u00a0\u00bbno\u00a0\u00bb text_align=\u00a0\u00bbleft\u00a0\u00bb background_image_as_pattern=\u00a0\u00bbwithout_pattern\u00a0\u00bb z_index=\u00a0\u00bb\u00a0\u00bb css=\u00a0\u00bb.vc_custom_1684953533950{margin-left: 0px !important;}\u00a0\u00bb][vc_column width=\u00a0\u00bb1\/4&Prime; css=\u00a0\u00bb.vc_custom_1684954301054{margin-right: 0px !important;margin-left: 0px !important;border-right-width: 40px !important;background-color: #94ced1 !important;}\u00a0\u00bb el_class=\u00a0\u00bbborderbox\u00a0\u00bb][vc_column_text] Infos pratiques [\/vc_column_text][vc_column_text]R\u00e9glement des \u00e9tudes\u00a0[\/vc_column_text][vc_separator type=\u00a0\u00bbnormal\u00a0\u00bb][vc_column_text]R\u00e8glement d&rsquo;ordre int\u00e9rieur[\/vc_column_text][vc_separator type=\u00a0\u00bbnormal\u00a0\u00bb][vc_column_text]Inscriptions[\/vc_column_text][vc_separator type=\u00a0\u00bbnormal\u00a0\u00bb][vc_column_text]Documents\u00a0[\/vc_column_text][vc_separator type=\u00a0\u00bbnormal\u00a0\u00bb][vc_column_text]Horaire\u00a0[\/vc_column_text][vc_separator type=\u00a0\u00bbnormal\u00a0\u00bb][vc_column_text]Assurance\u00a0[\/vc_column_text][vc_separator type=\u00a0\u00bbnormal\u00a0\u00bb][vc_column_text]Repas de...\" \/>\n<meta property=\"og:url\" content=\"https:\/\/www.saintlouis.be\/islfondamental\/reglement-general-des-etudes\/\" \/>\n<meta property=\"og:site_name\" content=\"Institut Saint-Louis Bruxelles - Enseignement fondamental\" \/>\n<meta property=\"article:modified_time\" content=\"2024-04-23T11:16:35+00:00\" \/>\n<meta name=\"twitter:card\" content=\"summary_large_image\" \/>\n<meta name=\"twitter:label1\" content=\"Dur\u00e9e de lecture estim\u00e9e\" \/>\n\t<meta name=\"twitter:data1\" content=\"5 minutes\" \/>\n<script type=\"application\/ld+json\" class=\"yoast-schema-graph\">{\"@context\":\"https:\/\/schema.org\",\"@graph\":[{\"@type\":\"WebPage\",\"@id\":\"https:\/\/www.saintlouis.be\/islfondamental\/reglement-general-des-etudes\/\",\"url\":\"https:\/\/www.saintlouis.be\/islfondamental\/reglement-general-des-etudes\/\",\"name\":\"R\u00e8glement des \u00e9tudes - Institut Saint-Louis Bruxelles - Enseignement fondamental\",\"isPartOf\":{\"@id\":\"https:\/\/www.saintlouis.be\/islfondamental\/#website\"},\"datePublished\":\"2023-03-22T20:28:25+00:00\",\"dateModified\":\"2024-04-23T11:16:35+00:00\",\"breadcrumb\":{\"@id\":\"https:\/\/www.saintlouis.be\/islfondamental\/reglement-general-des-etudes\/#breadcrumb\"},\"inLanguage\":\"fr-FR\",\"potentialAction\":[{\"@type\":\"ReadAction\",\"target\":[\"https:\/\/www.saintlouis.be\/islfondamental\/reglement-general-des-etudes\/\"]}]},{\"@type\":\"BreadcrumbList\",\"@id\":\"https:\/\/www.saintlouis.be\/islfondamental\/reglement-general-des-etudes\/#breadcrumb\",\"itemListElement\":[{\"@type\":\"ListItem\",\"position\":1,\"name\":\"Accueil\",\"item\":\"https:\/\/www.saintlouis.be\/islfondamental\/\"},{\"@type\":\"ListItem\",\"position\":2,\"name\":\"R\u00e8glement des \u00e9tudes\"}]},{\"@type\":\"WebSite\",\"@id\":\"https:\/\/www.saintlouis.be\/islfondamental\/#website\",\"url\":\"https:\/\/www.saintlouis.be\/islfondamental\/\",\"name\":\"Institut Saint-Louis Bruxelles - Enseignement fondamental\",\"description\":\"\",\"publisher\":{\"@id\":\"https:\/\/www.saintlouis.be\/islfondamental\/#organization\"},\"potentialAction\":[{\"@type\":\"SearchAction\",\"target\":{\"@type\":\"EntryPoint\",\"urlTemplate\":\"https:\/\/www.saintlouis.be\/islfondamental\/?s={search_term_string}\"},\"query-input\":\"required name=search_term_string\"}],\"inLanguage\":\"fr-FR\"},{\"@type\":\"Organization\",\"@id\":\"https:\/\/www.saintlouis.be\/islfondamental\/#organization\",\"name\":\"Institut Saint-Louis\",\"url\":\"https:\/\/www.saintlouis.be\/islfondamental\/\",\"logo\":{\"@type\":\"ImageObject\",\"inLanguage\":\"fr-FR\",\"@id\":\"https:\/\/www.saintlouis.be\/islfondamental\/#\/schema\/logo\/image\/\",\"url\":\"https:\/\/www.saintlouis.be\/islfondamental\/wp-content\/uploads\/2023\/03\/Saint-Louis-Bruxelles-Logo.jpg\",\"contentUrl\":\"https:\/\/www.saintlouis.be\/islfondamental\/wp-content\/uploads\/2023\/03\/Saint-Louis-Bruxelles-Logo.jpg\",\"width\":900,\"height\":240,\"caption\":\"Institut Saint-Louis\"},\"image\":{\"@id\":\"https:\/\/www.saintlouis.be\/islfondamental\/#\/schema\/logo\/image\/\"}}]}<\/script>\n<!-- \/ Yoast SEO plugin. -->","yoast_head_json":{"title":"R\u00e8glement des \u00e9tudes - Institut Saint-Louis Bruxelles - Enseignement fondamental","robots":{"index":"index","follow":"follow","max-snippet":"max-snippet:-1","max-image-preview":"max-image-preview:large","max-video-preview":"max-video-preview:-1"},"canonical":"https:\/\/www.saintlouis.be\/islfondamental\/reglement-general-des-etudes\/","og_locale":"fr_FR","og_type":"article","og_title":"R\u00e8glement des \u00e9tudes - Institut Saint-Louis Bruxelles - Enseignement fondamental","og_description":"[vc_row css_animation=\u00a0\u00bb\u00a0\u00bb row_type=\u00a0\u00bbrow\u00a0\u00bb use_row_as_full_screen_section=\u00a0\u00bbno\u00a0\u00bb type=\u00a0\u00bbfull_width\u00a0\u00bb angled_section=\u00a0\u00bbno\u00a0\u00bb text_align=\u00a0\u00bbleft\u00a0\u00bb background_image_as_pattern=\u00a0\u00bbwithout_pattern\u00a0\u00bb][vc_column][vc_empty_space height=\u00a0\u00bb82px\u00a0\u00bb][\/vc_column][\/vc_row][vc_row css_animation=\u00a0\u00bb\u00a0\u00bb row_type=\u00a0\u00bbrow\u00a0\u00bb use_row_as_full_screen_section=\u00a0\u00bbno\u00a0\u00bb type=\u00a0\u00bbgrid\u00a0\u00bb angled_section=\u00a0\u00bbno\u00a0\u00bb text_align=\u00a0\u00bbleft\u00a0\u00bb background_image_as_pattern=\u00a0\u00bbwithout_pattern\u00a0\u00bb z_index=\u00a0\u00bb\u00a0\u00bb css=\u00a0\u00bb.vc_custom_1684953533950{margin-left: 0px !important;}\u00a0\u00bb][vc_column width=\u00a0\u00bb1\/4&Prime; css=\u00a0\u00bb.vc_custom_1684954301054{margin-right: 0px !important;margin-left: 0px !important;border-right-width: 40px !important;background-color: #94ced1 !important;}\u00a0\u00bb el_class=\u00a0\u00bbborderbox\u00a0\u00bb][vc_column_text] Infos pratiques [\/vc_column_text][vc_column_text]R\u00e9glement des \u00e9tudes\u00a0[\/vc_column_text][vc_separator type=\u00a0\u00bbnormal\u00a0\u00bb][vc_column_text]R\u00e8glement d&rsquo;ordre int\u00e9rieur[\/vc_column_text][vc_separator type=\u00a0\u00bbnormal\u00a0\u00bb][vc_column_text]Inscriptions[\/vc_column_text][vc_separator type=\u00a0\u00bbnormal\u00a0\u00bb][vc_column_text]Documents\u00a0[\/vc_column_text][vc_separator type=\u00a0\u00bbnormal\u00a0\u00bb][vc_column_text]Horaire\u00a0[\/vc_column_text][vc_separator type=\u00a0\u00bbnormal\u00a0\u00bb][vc_column_text]Assurance\u00a0[\/vc_column_text][vc_separator type=\u00a0\u00bbnormal\u00a0\u00bb][vc_column_text]Repas de...","og_url":"https:\/\/www.saintlouis.be\/islfondamental\/reglement-general-des-etudes\/","og_site_name":"Institut Saint-Louis Bruxelles - Enseignement fondamental","article_modified_time":"2024-04-23T11:16:35+00:00","twitter_card":"summary_large_image","twitter_misc":{"Dur\u00e9e de lecture estim\u00e9e":"5 minutes"},"schema":{"@context":"https:\/\/schema.org","@graph":[{"@type":"WebPage","@id":"https:\/\/www.saintlouis.be\/islfondamental\/reglement-general-des-etudes\/","url":"https:\/\/www.saintlouis.be\/islfondamental\/reglement-general-des-etudes\/","name":"R\u00e8glement des \u00e9tudes - Institut Saint-Louis Bruxelles - Enseignement fondamental","isPartOf":{"@id":"https:\/\/www.saintlouis.be\/islfondamental\/#website"},"datePublished":"2023-03-22T20:28:25+00:00","dateModified":"2024-04-23T11:16:35+00:00","breadcrumb":{"@id":"https:\/\/www.saintlouis.be\/islfondamental\/reglement-general-des-etudes\/#breadcrumb"},"inLanguage":"fr-FR","potentialAction":[{"@type":"ReadAction","target":["https:\/\/www.saintlouis.be\/islfondamental\/reglement-general-des-etudes\/"]}]},{"@type":"BreadcrumbList","@id":"https:\/\/www.saintlouis.be\/islfondamental\/reglement-general-des-etudes\/#breadcrumb","itemListElement":[{"@type":"ListItem","position":1,"name":"Accueil","item":"https:\/\/www.saintlouis.be\/islfondamental\/"},{"@type":"ListItem","position":2,"name":"R\u00e8glement des \u00e9tudes"}]},{"@type":"WebSite","@id":"https:\/\/www.saintlouis.be\/islfondamental\/#website","url":"https:\/\/www.saintlouis.be\/islfondamental\/","name":"Institut Saint-Louis Bruxelles - Enseignement fondamental","description":"","publisher":{"@id":"https:\/\/www.saintlouis.be\/islfondamental\/#organization"},"potentialAction":[{"@type":"SearchAction","target":{"@type":"EntryPoint","urlTemplate":"https:\/\/www.saintlouis.be\/islfondamental\/?s={search_term_string}"},"query-input":"required name=search_term_string"}],"inLanguage":"fr-FR"},{"@type":"Organization","@id":"https:\/\/www.saintlouis.be\/islfondamental\/#organization","name":"Institut Saint-Louis","url":"https:\/\/www.saintlouis.be\/islfondamental\/","logo":{"@type":"ImageObject","inLanguage":"fr-FR","@id":"https:\/\/www.saintlouis.be\/islfondamental\/#\/schema\/logo\/image\/","url":"https:\/\/www.saintlouis.be\/islfondamental\/wp-content\/uploads\/2023\/03\/Saint-Louis-Bruxelles-Logo.jpg","contentUrl":"https:\/\/www.saintlouis.be\/islfondamental\/wp-content\/uploads\/2023\/03\/Saint-Louis-Bruxelles-Logo.jpg","width":900,"height":240,"caption":"Institut Saint-Louis"},"image":{"@id":"https:\/\/www.saintlouis.be\/islfondamental\/#\/schema\/logo\/image\/"}}]}},"_links":{"self":[{"href":"https:\/\/www.saintlouis.be\/islfondamental\/wp-json\/wp\/v2\/pages\/456","targetHints":{"allow":["GET"]}}],"collection":[{"href":"https:\/\/www.saintlouis.be\/islfondamental\/wp-json\/wp\/v2\/pages"}],"about":[{"href":"https:\/\/www.saintlouis.be\/islfondamental\/wp-json\/wp\/v2\/types\/page"}],"author":[{"embeddable":true,"href":"https:\/\/www.saintlouis.be\/islfondamental\/wp-json\/wp\/v2\/users\/1"}],"replies":[{"embeddable":true,"href":"https:\/\/www.saintlouis.be\/islfondamental\/wp-json\/wp\/v2\/comments?post=456"}],"version-history":[{"count":9,"href":"https:\/\/www.saintlouis.be\/islfondamental\/wp-json\/wp\/v2\/pages\/456\/revisions"}],"predecessor-version":[{"id":1269,"href":"https:\/\/www.saintlouis.be\/islfondamental\/wp-json\/wp\/v2\/pages\/456\/revisions\/1269"}],"wp:attachment":[{"href":"https:\/\/www.saintlouis.be\/islfondamental\/wp-json\/wp\/v2\/media?parent=456"}],"curies":[{"name":"wp","href":"https:\/\/api.w.org\/{rel}","templated":true}]}}